{"id":5626,"date":"2022-03-17T16:35:42","date_gmt":"2022-03-17T16:35:42","guid":{"rendered":"https:\/\/careers.mazars.ch\/a-propos\/"},"modified":"2026-03-23T20:20:34","modified_gmt":"2026-03-23T20:20:34","slug":"uber-forvis-mazars","status":"publish","type":"page","link":"https:\/\/careers-ch.forvismazars.com\/de\/uber-forvis-mazars\/","title":{"rendered":"Audit | Steuern | Consulting"},"content":{"rendered":"\n<h2 class=\"wp-block-heading has-large-font-size\">\u00dcber Forvis Mazars<\/h2>\n\n\n\n<h4 class=\"wp-block-heading\">Wir sind ein f\u00fchrendes internationales Unternehmen, das auf Wirtschaftspr\u00fcfung, Buchhaltung, Steuer- und Beratungsdienstleistungen spezialisiert ist und sich zum Ziel gesetzt hat, die wirtschaftlichen Grundlagen f\u00fcr eine gerechte und prosperierende Welt zu schaffen.<\/h4>\n\n\n\n<p>Forvis Mazars Group SC ist ein unabh\u00e4ngiges Mitglied von Forvis Mazars Global, einem f\u00fchrenden Professional-Services-Netzwerk. Als international integrierte Partnerschaft ist die Forvis Mazars Group in \u00fcber 100 L\u00e4ndern und Regionen der Welt t\u00e4tig und auf die Bereiche Audit, Tax sowie Advisory spezialisiert. Die Partnerschaft greift auf die Expertise und das kulturelle Know-how von mehr als 35.000 Mitarbeitenden weltweit zur\u00fcck, um Kundinnen und Kunden jeder Gr\u00f6sse in jeder Phase ihrer Entwicklung zu unterst\u00fctzen.<\/p>\n\n\n\n<h2 class=\"wp-block-heading has-large-font-size\">Forvis Mazars in der Schweiz<\/h2>\n\n\n\n<p>In der Schweiz arbeiten mehr als 400 Expertinnen und Experten an den Standorten in <strong>Z\u00fcrich, Basel, Bern, Genf, Lausanne, Freiburg, Neuenburg, Sitten, Delsberg und Lugano.<\/strong><\/p>\n\n\n\n<figure class=\"wp-block-embed is-type-video is-provider-youtube wp-block-embed-youtube wp-embed-aspect-16-9 wp-has-aspect-ratio\"><div class=\"wp-block-embed__wrapper\">\n<iframe loading=\"lazy\" title=\"About us - Forvis Mazars\" width=\"500\" height=\"281\" src=\"https:\/\/www.youtube.com\/embed\/CLNWs0FU5eQ?feature=oembed\" frameborder=\"0\" allow=\"accelerometer; autoplay; clipboard-write; encrypted-media; gyroscope; picture-in-picture; web-share\" referrerpolicy=\"strict-origin-when-cross-origin\" allowfullscreen><\/iframe>\n<\/div><\/figure>\n\n\n\n<h2 class=\"wp-block-heading has-large-font-size\">Unser Know-how<\/h2>\n\n\n\n<p>Forvis Mazars ist eine multikulturelle und integrierte Partnerschaft mit gemeinsamen Zielen, Werten und Standards in der ganzen Welt. Wir sind stolz auf unser technisches Know-how und die Qualit\u00e4t unserer Arbeit. Wir verf\u00fcgen \u00fcber die F\u00e4higkeiten und die Gr\u00f6sse, um Kundinnen und Kunden jeder Gr\u00f6sse und in allen Branchen zu betreuen, und bleiben dabei flexibel, pers\u00f6nlich und individuell in unserem Ansatz.\u202f<\/p>\n\n\n\n<h2 class=\"wp-block-heading has-large-font-size\">Unsere Werte<\/h2>\n\n\n\n<div class=\"wp-block-columns is-layout-flex wp-container-core-columns-is-layout-9d6595d7 wp-block-columns-is-layout-flex\">\n<div class=\"wp-block-column is-layout-flow wp-block-column-is-layout-flow\"><div class=\"wp-block-image\">\n<figure class=\"aligncenter size-full is-resized\"><img loading=\"lazy\" decoding=\"async\" width=\"150\" height=\"150\" src=\"https:\/\/careers-ch.forvismazars.com\/wp-content\/uploads\/sites\/34\/2022\/05\/mazars_icon_integrity-150x150.png\" alt=\"\" class=\"wp-image-5869\" style=\"width:150px;height:150px\" srcset=\"https:\/\/careers-ch.forvismazars.com\/wp-content\/uploads\/sites\/34\/2022\/05\/mazars_icon_integrity-150x150.png 150w, https:\/\/careers-ch.forvismazars.com\/wp-content\/uploads\/sites\/34\/2022\/05\/mazars_icon_integrity.png 300w\" sizes=\"auto, (max-width: 150px) 100vw, 150px\" \/><\/figure><\/div>\n\n\n<p class=\"has-text-align-center\">Integrit\u00e4t<\/p>\n<\/div>\n\n\n\n<div class=\"wp-block-column is-layout-flow wp-block-column-is-layout-flow\"><div class=\"wp-block-image\">\n<figure class=\"aligncenter size-full is-resized\"><img loading=\"lazy\" decoding=\"async\" width=\"150\" height=\"150\" src=\"https:\/\/careers-ch.forvismazars.com\/wp-content\/uploads\/sites\/34\/2022\/05\/mazars_icon_responsability-150x150.png\" alt=\"\" class=\"wp-image-5871\" style=\"width:150px;height:150px\" srcset=\"https:\/\/careers-ch.forvismazars.com\/wp-content\/uploads\/sites\/34\/2022\/05\/mazars_icon_responsability-150x150.png 150w, https:\/\/careers-ch.forvismazars.com\/wp-content\/uploads\/sites\/34\/2022\/05\/mazars_icon_responsability.png 300w\" sizes=\"auto, (max-width: 150px) 100vw, 150px\" \/><\/figure><\/div>\n\n\n<p class=\"has-text-align-center\">Verantwortung<\/p>\n<\/div>\n\n\n\n<div class=\"wp-block-column is-layout-flow wp-block-column-is-layout-flow\"><div class=\"wp-block-image\">\n<figure class=\"aligncenter size-full is-resized\"><img loading=\"lazy\" decoding=\"async\" width=\"150\" height=\"150\" src=\"https:\/\/careers-ch.forvismazars.com\/wp-content\/uploads\/sites\/34\/2022\/05\/mazars_icon_independance-150x150.png\" alt=\"\" class=\"wp-image-5867\" style=\"width:150px;height:150px\" srcset=\"https:\/\/careers-ch.forvismazars.com\/wp-content\/uploads\/sites\/34\/2022\/05\/mazars_icon_independance-150x150.png 150w, https:\/\/careers-ch.forvismazars.com\/wp-content\/uploads\/sites\/34\/2022\/05\/mazars_icon_independance.png 300w\" sizes=\"auto, (max-width: 150px) 100vw, 150px\" \/><\/figure><\/div>\n\n\n<p class=\"has-text-align-center\">Unabh\u00e4ngigkeit<\/p>\n<\/div>\n<\/div>\n\n\n\n<div class=\"wp-block-columns is-layout-flex wp-container-core-columns-is-layout-9d6595d7 wp-block-columns-is-layout-flex\">\n<div class=\"wp-block-column is-layout-flow wp-block-column-is-layout-flow\"><div class=\"wp-block-image\">\n<figure class=\"aligncenter size-full is-resized\"><img loading=\"lazy\" decoding=\"async\" width=\"150\" height=\"150\" src=\"https:\/\/careers-ch.forvismazars.com\/wp-content\/uploads\/sites\/34\/2022\/05\/mazars_icon_transmission-150x150.png\" alt=\"\" class=\"wp-image-5873\" style=\"width:150px;height:150px\" srcset=\"https:\/\/careers-ch.forvismazars.com\/wp-content\/uploads\/sites\/34\/2022\/05\/mazars_icon_transmission-150x150.png 150w, https:\/\/careers-ch.forvismazars.com\/wp-content\/uploads\/sites\/34\/2022\/05\/mazars_icon_transmission.png 300w\" sizes=\"auto, (max-width: 150px) 100vw, 150px\" \/><\/figure><\/div>\n\n\n<p class=\"has-text-align-center\">Verantwortungsbewusstsein<\/p>\n<\/div>\n\n\n\n<div class=\"wp-block-column is-layout-flow wp-block-column-is-layout-flow\"><div class=\"wp-block-image\">\n<figure class=\"aligncenter size-full is-resized\"><img loading=\"lazy\" decoding=\"async\" width=\"150\" height=\"150\" src=\"https:\/\/careers-ch.forvismazars.com\/wp-content\/uploads\/sites\/34\/2022\/05\/mazars_icon_diversity-150x150.png\" alt=\"\" class=\"wp-image-5863\" style=\"width:150px;height:150px\" srcset=\"https:\/\/careers-ch.forvismazars.com\/wp-content\/uploads\/sites\/34\/2022\/05\/mazars_icon_diversity-150x150.png 150w, https:\/\/careers-ch.forvismazars.com\/wp-content\/uploads\/sites\/34\/2022\/05\/mazars_icon_diversity.png 300w\" sizes=\"auto, (max-width: 150px) 100vw, 150px\" \/><\/figure><\/div>\n\n\n<p class=\"has-text-align-center\">Vielfalt und Respekt<\/p>\n<\/div>\n\n\n\n<div class=\"wp-block-column is-layout-flow wp-block-column-is-layout-flow\"><div class=\"wp-block-image\">\n<figure class=\"aligncenter size-full is-resized\"><img loading=\"lazy\" decoding=\"async\" width=\"150\" height=\"150\" src=\"https:\/\/careers-ch.forvismazars.com\/wp-content\/uploads\/sites\/34\/2022\/05\/mazars_icon_excellence-150x150.png\" alt=\"\" class=\"wp-image-5865\" style=\"width:150px;height:150px\" srcset=\"https:\/\/careers-ch.forvismazars.com\/wp-content\/uploads\/sites\/34\/2022\/05\/mazars_icon_excellence-150x150.png 150w, https:\/\/careers-ch.forvismazars.com\/wp-content\/uploads\/sites\/34\/2022\/05\/mazars_icon_excellence.png 300w\" sizes=\"auto, (max-width: 150px) 100vw, 150px\" \/><\/figure><\/div>\n\n\n<p class=\"has-text-align-center\">Technische Exzellenz<\/p>\n<\/div>\n<\/div>\n\n\n\n<div style=\"height:20px\" aria-hidden=\"true\" class=\"wp-block-spacer\"><\/div>\n\n\n\n<div class=\"wp-block-columns is-layout-flex wp-container-core-columns-is-layout-9d6595d7 wp-block-columns-is-layout-flex\">\n<div class=\"wp-block-column is-layout-flow wp-block-column-is-layout-flow\">\n<h2 class=\"wp-block-heading has-large-font-size\">Was uns ausmacht<\/h2>\n\n\n\n<p>Seit der Gr\u00fcndung unseres Unternehmens steht die F\u00fcrsorge im Mittelpunkt unseres Handelns. Das ist es, was uns von anderen unterscheidet und uns auszeichnet. Wir versprechen unseren Kunden und unseren Mitarbeitenden, sie zu verstehen und zu respektieren, wer sie sind und wie sie arbeiten, und Dienstleistungen und Erfahrungen zu schaffen, die ihren einzigartigen Bed\u00fcrfnissen entsprechen. Dieses Versprechen ist Ausdruck unserer Sorgfalt. <strong>Erfahre mehr \u00fcber uns und entdecke, was uns ausmacht.<\/strong><\/p>\n<\/div>\n\n\n\n<div class=\"wp-block-column is-layout-flow wp-block-column-is-layout-flow\">\n<div style=\"height:30px\" aria-hidden=\"true\" class=\"wp-block-spacer\"><\/div>\n\n\n\n<figure class=\"wp-block-embed aligncenter is-type-video is-provider-youtube wp-block-embed-youtube wp-embed-aspect-16-9 wp-has-aspect-ratio\"><div class=\"wp-block-embed__wrapper\">\n<iframe loading=\"lazy\" title=\"Forvis Mazars: our story\" width=\"500\" height=\"281\" src=\"https:\/\/www.youtube.com\/embed\/zETtbCDPvwg?feature=oembed\" frameborder=\"0\" allow=\"accelerometer; autoplay; clipboard-write; encrypted-media; gyroscope; picture-in-picture; web-share\" referrerpolicy=\"strict-origin-when-cross-origin\" allowfullscreen><\/iframe>\n<\/div><\/figure>\n<\/div>\n<\/div>\n","protected":false},"excerpt":{"rendered":"<p>\u00dcber Forvis Mazars Wir sind ein f\u00fchrendes internationales Unternehmen, das auf Wirtschaftspr\u00fcfung, Buchhaltung, Steuer- und Beratungsdienstleistungen spezialisiert ist und sich zum Ziel gesetzt hat, die wirtschaftlichen Grundlagen f\u00fcr eine gerechte und prosperierende Welt zu schaffen. Forvis Mazars Group SC ist ein unabh\u00e4ngiges Mitglied von Forvis Mazars Global, einem f\u00fchrenden Professional-Services-Netzwerk. Als international integrierte Partnerschaft ist [&hellip;]<\/p>\n","protected":false},"author":59,"featured_media":895563,"parent":0,"menu_order":0,"comment_status":"closed","ping_status":"closed","template":"page-standard-content.php","meta":{"_acf_changed":false,"footnotes":""},"class_list":["post-5626","page","type-page","status-publish","has-post-thumbnail","hentry"],"acf":[],"yoast_head":"<!-- This site is optimized with the Yoast SEO plugin v26.8 - https:\/\/yoast.com\/product\/yoast-seo-wordpress\/ -->\n<title>Forvis Mazars, internationalen Unternehmen f\u00fcr Audit, Steuern &amp; Consulting<\/title>\n<meta name=\"description\" content=\"In der Schweiz arbeiten mehr als 350 Experten an den Standorten in Z\u00fcrich, Bern, Genf, Lausanne, Freiburg, Neuenburg, Sitten, Delsberg und Lugano.\" \/>\n<meta name=\"robots\" content=\"index, follow, max-snippet:-1, max-image-preview:large, max-video-preview:-1\" \/>\n<link rel=\"canonical\" href=\"https:\/\/careers-ch.forvismazars.com\/de\/uber-forvis-mazars\/\" \/>\n<meta property=\"og:locale\" content=\"de_DE\" \/>\n<meta property=\"og:type\" content=\"article\" \/>\n<meta property=\"og:title\" content=\"Forvis Mazars, internationalen Unternehmen f\u00fcr Audit, Steuern &amp; Consulting\" \/>\n<meta property=\"og:description\" content=\"In der Schweiz arbeiten mehr als 350 Experten an den Standorten in Z\u00fcrich, Bern, Genf, Lausanne, Freiburg, Neuenburg, Sitten, Delsberg und Lugano.\" \/>\n<meta property=\"og:url\" content=\"https:\/\/careers-ch.forvismazars.com\/de\/uber-forvis-mazars\/\" \/>\n<meta property=\"og:site_name\" content=\"Careers at Forvis Mazars in Switzerland\" \/>\n<meta property=\"article:modified_time\" content=\"2026-03-23T20:20:34+00:00\" \/>\n<meta property=\"og:image\" content=\"https:\/\/careers-ch.forvismazars.com\/wp-content\/uploads\/sites\/34\/2024\/06\/Test-1600x500-1-scaled.jpg\" \/>\n\t<meta property=\"og:image:width\" content=\"2560\" \/>\n\t<meta property=\"og:image:height\" content=\"800\" \/>\n\t<meta property=\"og:image:type\" content=\"image\/jpeg\" \/>\n<meta name=\"twitter:card\" content=\"summary_large_image\" \/>\n<meta name=\"twitter:label1\" content=\"Gesch\u00e4tzte Lesezeit\" \/>\n\t<meta name=\"twitter:data1\" content=\"3\u00a0Minuten\" \/>\n<script type=\"application\/ld+json\" class=\"yoast-schema-graph\">{\"@context\":\"https:\/\/schema.org\",\"@graph\":[{\"@type\":\"WebPage\",\"@id\":\"https:\/\/careers-ch.forvismazars.com\/de\/uber-forvis-mazars\/\",\"url\":\"https:\/\/careers-ch.forvismazars.com\/de\/uber-forvis-mazars\/\",\"name\":\"Forvis Mazars, internationalen Unternehmen f\u00fcr Audit, Steuern & Consulting\",\"isPartOf\":{\"@id\":\"https:\/\/careers.mazars.ch\/de\/#website\"},\"primaryImageOfPage\":{\"@id\":\"https:\/\/careers-ch.forvismazars.com\/de\/uber-forvis-mazars\/#primaryimage\"},\"image\":{\"@id\":\"https:\/\/careers-ch.forvismazars.com\/de\/uber-forvis-mazars\/#primaryimage\"},\"thumbnailUrl\":\"https:\/\/careers-ch.forvismazars.com\/wp-content\/uploads\/sites\/34\/2024\/06\/Test-1600x500-1-scaled.jpg\",\"datePublished\":\"2022-03-17T16:35:42+00:00\",\"dateModified\":\"2026-03-23T20:20:34+00:00\",\"description\":\"In der Schweiz arbeiten mehr als 350 Experten an den Standorten in Z\u00fcrich, Bern, Genf, Lausanne, Freiburg, Neuenburg, Sitten, Delsberg und Lugano.\",\"breadcrumb\":{\"@id\":\"https:\/\/careers-ch.forvismazars.com\/de\/uber-forvis-mazars\/#breadcrumb\"},\"inLanguage\":\"de\",\"potentialAction\":[{\"@type\":\"ReadAction\",\"target\":[\"https:\/\/careers-ch.forvismazars.com\/de\/uber-forvis-mazars\/\"]}]},{\"@type\":\"ImageObject\",\"inLanguage\":\"de\",\"@id\":\"https:\/\/careers-ch.forvismazars.com\/de\/uber-forvis-mazars\/#primaryimage\",\"url\":\"https:\/\/careers-ch.forvismazars.com\/wp-content\/uploads\/sites\/34\/2024\/06\/Test-1600x500-1-scaled.jpg\",\"contentUrl\":\"https:\/\/careers-ch.forvismazars.com\/wp-content\/uploads\/sites\/34\/2024\/06\/Test-1600x500-1-scaled.jpg\",\"width\":2560,\"height\":800,\"caption\":\"Portrait of young successful entrepreneur woman standing over modern company office building. Startup, vision and female empowerment\"},{\"@type\":\"BreadcrumbList\",\"@id\":\"https:\/\/careers-ch.forvismazars.com\/de\/uber-forvis-mazars\/#breadcrumb\",\"itemListElement\":[{\"@type\":\"ListItem\",\"position\":1,\"name\":\"Accueil\",\"item\":\"https:\/\/careers-ch.forvismazars.com\/de\/\"},{\"@type\":\"ListItem\",\"position\":2,\"name\":\"Audit | Steuern | Consulting\"}]},{\"@type\":\"WebSite\",\"@id\":\"https:\/\/careers.mazars.ch\/de\/#website\",\"url\":\"https:\/\/careers.mazars.ch\/de\/\",\"name\":\"Careers at Forvis Mazars in Switzerland\",\"description\":\"Careers at Forvis Mazars in Switzerland\",\"potentialAction\":[{\"@type\":\"SearchAction\",\"target\":{\"@type\":\"EntryPoint\",\"urlTemplate\":\"https:\/\/careers.mazars.ch\/de\/?s={search_term_string}\"},\"query-input\":{\"@type\":\"PropertyValueSpecification\",\"valueRequired\":true,\"valueName\":\"search_term_string\"}}],\"inLanguage\":\"de\"}]}<\/script>\n<!-- \/ Yoast SEO plugin. -->","yoast_head_json":{"title":"Forvis Mazars, internationalen Unternehmen f\u00fcr Audit, Steuern & Consulting","description":"In der Schweiz arbeiten mehr als 350 Experten an den Standorten in Z\u00fcrich, Bern, Genf, Lausanne, Freiburg, Neuenburg, Sitten, Delsberg und Lugano.","robots":{"index":"index","follow":"follow","max-snippet":"max-snippet:-1","max-image-preview":"max-image-preview:large","max-video-preview":"max-video-preview:-1"},"canonical":"https:\/\/careers-ch.forvismazars.com\/de\/uber-forvis-mazars\/","og_locale":"de_DE","og_type":"article","og_title":"Forvis Mazars, internationalen Unternehmen f\u00fcr Audit, Steuern & Consulting","og_description":"In der Schweiz arbeiten mehr als 350 Experten an den Standorten in Z\u00fcrich, Bern, Genf, Lausanne, Freiburg, Neuenburg, Sitten, Delsberg und Lugano.","og_url":"https:\/\/careers-ch.forvismazars.com\/de\/uber-forvis-mazars\/","og_site_name":"Careers at Forvis Mazars in Switzerland","article_modified_time":"2026-03-23T20:20:34+00:00","og_image":[{"width":2560,"height":800,"url":"https:\/\/careers-ch.forvismazars.com\/wp-content\/uploads\/sites\/34\/2024\/06\/Test-1600x500-1-scaled.jpg","type":"image\/jpeg"}],"twitter_card":"summary_large_image","twitter_misc":{"Gesch\u00e4tzte Lesezeit":"3\u00a0Minuten"},"schema":{"@context":"https:\/\/schema.org","@graph":[{"@type":"WebPage","@id":"https:\/\/careers-ch.forvismazars.com\/de\/uber-forvis-mazars\/","url":"https:\/\/careers-ch.forvismazars.com\/de\/uber-forvis-mazars\/","name":"Forvis Mazars, internationalen Unternehmen f\u00fcr Audit, Steuern & Consulting","isPartOf":{"@id":"https:\/\/careers.mazars.ch\/de\/#website"},"primaryImageOfPage":{"@id":"https:\/\/careers-ch.forvismazars.com\/de\/uber-forvis-mazars\/#primaryimage"},"image":{"@id":"https:\/\/careers-ch.forvismazars.com\/de\/uber-forvis-mazars\/#primaryimage"},"thumbnailUrl":"https:\/\/careers-ch.forvismazars.com\/wp-content\/uploads\/sites\/34\/2024\/06\/Test-1600x500-1-scaled.jpg","datePublished":"2022-03-17T16:35:42+00:00","dateModified":"2026-03-23T20:20:34+00:00","description":"In der Schweiz arbeiten mehr als 350 Experten an den Standorten in Z\u00fcrich, Bern, Genf, Lausanne, Freiburg, Neuenburg, Sitten, Delsberg und Lugano.","breadcrumb":{"@id":"https:\/\/careers-ch.forvismazars.com\/de\/uber-forvis-mazars\/#breadcrumb"},"inLanguage":"de","potentialAction":[{"@type":"ReadAction","target":["https:\/\/careers-ch.forvismazars.com\/de\/uber-forvis-mazars\/"]}]},{"@type":"ImageObject","inLanguage":"de","@id":"https:\/\/careers-ch.forvismazars.com\/de\/uber-forvis-mazars\/#primaryimage","url":"https:\/\/careers-ch.forvismazars.com\/wp-content\/uploads\/sites\/34\/2024\/06\/Test-1600x500-1-scaled.jpg","contentUrl":"https:\/\/careers-ch.forvismazars.com\/wp-content\/uploads\/sites\/34\/2024\/06\/Test-1600x500-1-scaled.jpg","width":2560,"height":800,"caption":"Portrait of young successful entrepreneur woman standing over modern company office building. Startup, vision and female empowerment"},{"@type":"BreadcrumbList","@id":"https:\/\/careers-ch.forvismazars.com\/de\/uber-forvis-mazars\/#breadcrumb","itemListElement":[{"@type":"ListItem","position":1,"name":"Accueil","item":"https:\/\/careers-ch.forvismazars.com\/de\/"},{"@type":"ListItem","position":2,"name":"Audit | Steuern | Consulting"}]},{"@type":"WebSite","@id":"https:\/\/careers.mazars.ch\/de\/#website","url":"https:\/\/careers.mazars.ch\/de\/","name":"Careers at Forvis Mazars in Switzerland","description":"Careers at Forvis Mazars in Switzerland","potentialAction":[{"@type":"SearchAction","target":{"@type":"EntryPoint","urlTemplate":"https:\/\/careers.mazars.ch\/de\/?s={search_term_string}"},"query-input":{"@type":"PropertyValueSpecification","valueRequired":true,"valueName":"search_term_string"}}],"inLanguage":"de"}]}},"_links":{"self":[{"href":"https:\/\/careers-ch.forvismazars.com\/de\/wp-json\/wp\/v2\/pages\/5626","targetHints":{"allow":["GET"]}}],"collection":[{"href":"https:\/\/careers-ch.forvismazars.com\/de\/wp-json\/wp\/v2\/pages"}],"about":[{"href":"https:\/\/careers-ch.forvismazars.com\/de\/wp-json\/wp\/v2\/types\/page"}],"author":[{"embeddable":true,"href":"https:\/\/careers-ch.forvismazars.com\/de\/wp-json\/wp\/v2\/users\/59"}],"replies":[{"embeddable":true,"href":"https:\/\/careers-ch.forvismazars.com\/de\/wp-json\/wp\/v2\/comments?post=5626"}],"version-history":[{"count":9,"href":"https:\/\/careers-ch.forvismazars.com\/de\/wp-json\/wp\/v2\/pages\/5626\/revisions"}],"predecessor-version":[{"id":1942023,"href":"https:\/\/careers-ch.forvismazars.com\/de\/wp-json\/wp\/v2\/pages\/5626\/revisions\/1942023"}],"wp:featuredmedia":[{"embeddable":true,"href":"https:\/\/careers-ch.forvismazars.com\/de\/wp-json\/wp\/v2\/media\/895563"}],"wp:attachment":[{"href":"https:\/\/careers-ch.forvismazars.com\/de\/wp-json\/wp\/v2\/media?parent=5626"}],"curies":[{"name":"wp","href":"https:\/\/api.w.org\/{rel}","templated":true}]}}