{"id":5648,"date":"2022-03-17T16:51:48","date_gmt":"2022-03-17T16:51:48","guid":{"rendered":"https:\/\/careers.mazars.ch\/pourquoi-nous-rejoindre\/"},"modified":"2026-01-28T15:08:01","modified_gmt":"2026-01-28T15:08:01","slug":"warum-forvis-mazars","status":"publish","type":"page","link":"https:\/\/careers-ch.forvismazars.com\/de\/warum-forvis-mazars\/","title":{"rendered":"Warum Forvis Mazars?"},"content":{"rendered":"\n<p>Wir blicken stets in die Zukunft \u2013 f\u00fcr unsere Mitarbeitenden, unsere Kunden und die Gesellschaft, in denen wir t\u00e4tig sind. Gemeinsam wachsen wir, f\u00fchlen uns integriert und schaffen Wirkung. Wir begleiten dich bei deinem Lernen, deiner Entwicklung und deinem pers\u00f6nlichen Wachstum w\u00e4hrend deiner gesamten Zeit bei uns. Hier kannst du deine k\u00fchnen Ideen und einzigartigen Perspektiven selbstbewusst einbringen. Denn Erfolg entsteht durch Teamarbeit. Bei Forvis Mazars wirst du Teil eines lokalen Teams, sammelst internationale Erfahrung und gestaltest Wirkung \u2013 heute und morgen.<\/p>\n\n\n\n<figure class=\"wp-block-image size-large\"><img loading=\"lazy\" decoding=\"async\" width=\"1024\" height=\"164\" src=\"https:\/\/careers-ch.forvismazars.com\/wp-content\/uploads\/sites\/34\/2026\/01\/GBI-Black-Horizontal-1-1024x164.png\" alt=\"\" class=\"wp-image-1831857\" srcset=\"https:\/\/careers-ch.forvismazars.com\/wp-content\/uploads\/sites\/34\/2026\/01\/GBI-Black-Horizontal-1-1024x164.png 1024w, https:\/\/careers-ch.forvismazars.com\/wp-content\/uploads\/sites\/34\/2026\/01\/GBI-Black-Horizontal-1-300x48.png 300w, https:\/\/careers-ch.forvismazars.com\/wp-content\/uploads\/sites\/34\/2026\/01\/GBI-Black-Horizontal-1-768x123.png 768w, https:\/\/careers-ch.forvismazars.com\/wp-content\/uploads\/sites\/34\/2026\/01\/GBI-Black-Horizontal-1-1536x246.png 1536w, https:\/\/careers-ch.forvismazars.com\/wp-content\/uploads\/sites\/34\/2026\/01\/GBI-Black-Horizontal-1-2048x328.png 2048w, https:\/\/careers-ch.forvismazars.com\/wp-content\/uploads\/sites\/34\/2026\/01\/GBI-Black-Horizontal-1-400x64.png 400w\" sizes=\"auto, (max-width: 1024px) 100vw, 1024px\" \/><\/figure>\n\n\n\n<h2 class=\"wp-block-heading\">Grow.&nbsp;<\/h2>\n\n\n\n<p>Ab dem ersten Tag entwickelst du deine F\u00e4higkeiten, arbeitest an vielf\u00e4ltigen Projekten und machst einen echten Unterschied. Dein berufliches und pers\u00f6nliches Wachstum ist uns wichtig \u2013 ob du neue Chancen erkunden, eine internationale Karriere anstreben oder verschiedene Kunden und Branchen kennenlernen m\u00f6chtest, wir begleiten dich auf jedem Schritt.<\/p>\n\n\n\n<h2 class=\"wp-block-heading\"><strong>Belong<\/strong>.&nbsp;<\/h2>\n\n\n\n<p>Bei uns geh\u00f6rst du ganz dazu: ins Team und ins Zentrum unserer Aufmerksamkeit. W\u00e4hrend deiner gesamten Laufbahn wirst du Teil eines internationalen Teams sein, das deine Ideen sch\u00e4tzt, deine Ambitionen unterst\u00fctzt und deine Erfolge feiert. Getragen von Zusammenarbeit und Flexibilit\u00e4t f\u00f6rdern die vielf\u00e4ltigen Perspektiven unserer Teams Kreativit\u00e4t und Fortschritt. Ob du neue spannende Herausforderungen annimmst oder etwas Neues lernst \u2013 du bist stets von Menschen umgeben, die dich ermutigen und inspirieren.<\/p>\n\n\n\n<h2 class=\"wp-block-heading\">Impact.&nbsp;<\/h2>\n\n\n\n<p>Von unseren PraktikantInnen bis zu unseren PartnerInnen \u2013 wir alle haben das Ziel, k\u00fchne Ideen in konkrete Taten umzusetzen. Du wirst die M\u00f6glichkeit haben, Wirkung zu erzielen \u2013 sowohl innerhalb unseres Unternehmens als auch in der breiteren Gemeinschaft. Diese Freiheit geht mit Verantwortung einher: Wir liefern unseren Kunden innovative, zukunftsorientierte Ergebnisse, ohne jemals unsere gemeinsame Mission oder unsere langfristige Vision aus den Augen zu verlieren.<\/p>\n\n\n\n<figure class=\"wp-block-embed is-type-video is-provider-vimeo wp-block-embed-vimeo wp-embed-aspect-16-9 wp-has-aspect-ratio\"><div class=\"wp-block-embed__wrapper\">\n<iframe loading=\"lazy\" title=\"EVP - Manifesto - EN\" src=\"https:\/\/player.vimeo.com\/video\/1154297004?h=2b79e41029&amp;dnt=1&amp;app_id=122963\" width=\"500\" height=\"281\" frameborder=\"0\" allow=\"autoplay; fullscreen; picture-in-picture; clipboard-write; encrypted-media; web-share\" referrerpolicy=\"strict-origin-when-cross-origin\"><\/iframe>\n<\/div><\/figure>\n\n\n\n<h2 class=\"wp-block-heading\">Wichtige Fakten und Zahlen<\/h2>\n\n\n\n<p>Bei uns werden du Teil eines globalen Teams, in dem:<\/p>\n\n\n\n<div class=\"wp-block-columns is-layout-flex wp-container-core-columns-is-layout-9d6595d7 wp-block-columns-is-layout-flex\">\n<div class=\"wp-block-column is-layout-flow wp-block-column-is-layout-flow\">\n<h2 class=\"wp-block-heading has-text-align-center has-huge-font-size\">+40<\/h2>\n\n\n\n<p class=\"has-text-align-center\">Ausbildungsstunden pro Mitarbeitende und Jahr<\/p>\n<\/div>\n\n\n\n<div class=\"wp-block-column is-layout-flow wp-block-column-is-layout-flow\">\n<h2 class=\"wp-block-heading has-text-align-center has-huge-font-size\">53%<\/h2>\n\n\n\n<p class=\"has-text-align-center\">unserer Belegschaft sind Frauen<\/p>\n<\/div>\n\n\n\n<div class=\"wp-block-column is-layout-flow wp-block-column-is-layout-flow\">\n<h2 class=\"wp-block-heading has-text-align-center has-huge-font-size\">+30 000<\/h2>\n\n\n\n<p class=\"has-text-align-center\">Stunden werden pro Jahr f\u00fcr die Gemeinschaftsarbeit aufgewendet<\/p>\n<\/div>\n<\/div>\n\n\n\n<h2 class=\"wp-block-heading\">Was wir von dir erwarten:&nbsp;<\/h2>\n\n\n\n<ul class=\"wp-block-list\">\n<li>Wissensdurst<\/li>\n\n\n\n<li>Ausgepr\u00e4gter Teamgeist<\/li>\n\n\n\n<li>Den Wunsch, Initiative zu ergreifen<\/li>\n<\/ul>\n\n\n\n<h2 class=\"wp-block-heading\">Werde Teil von uns f\u00fcr Grow. <strong>Belong<\/strong>. Impact.<\/h2>\n","protected":false},"excerpt":{"rendered":"<p>Wir blicken stets in die Zukunft \u2013 f\u00fcr unsere Mitarbeitenden, unsere Kunden und die Gesellschaft, in denen wir t\u00e4tig sind. Gemeinsam wachsen wir, f\u00fchlen uns integriert und schaffen Wirkung. Wir begleiten dich bei deinem Lernen, deiner Entwicklung und deinem pers\u00f6nlichen Wachstum w\u00e4hrend deiner gesamten Zeit bei uns. Hier kannst du deine k\u00fchnen Ideen und einzigartigen [&hellip;]<\/p>\n","protected":false},"author":59,"featured_media":1831935,"parent":0,"menu_order":0,"comment_status":"closed","ping_status":"closed","template":"page-standard-content.php","meta":{"_acf_changed":false,"footnotes":""},"class_list":["post-5648","page","type-page","status-publish","has-post-thumbnail","hentry"],"acf":[],"yoast_head":"<!-- This site is optimized with the Yoast SEO plugin v26.8 - https:\/\/yoast.com\/product\/yoast-seo-wordpress\/ -->\n<title>Werden Sie Teil von Forvis Mazars | Grow. Belong. Impact.<\/title>\n<meta name=\"description\" content=\"Entwickeln Sie Ihre Talente, werden Sie Teil eines globalen Teams und tragen Sie mit Forvis Mazars zu einer nachhaltigen Zukunft bei. Sind Sie bereit, etwas zu bewegen?\" \/>\n<meta name=\"robots\" content=\"index, follow, max-snippet:-1, max-image-preview:large, max-video-preview:-1\" \/>\n<link rel=\"canonical\" href=\"https:\/\/careers-ch.forvismazars.com\/de\/warum-forvis-mazars\/\" \/>\n<meta property=\"og:locale\" content=\"de_DE\" \/>\n<meta property=\"og:type\" content=\"article\" \/>\n<meta property=\"og:title\" content=\"Werden Sie Teil von Forvis Mazars | Grow. Belong. Impact.\" \/>\n<meta property=\"og:description\" content=\"Entwickeln Sie Ihre Talente, werden Sie Teil eines globalen Teams und tragen Sie mit Forvis Mazars zu einer nachhaltigen Zukunft bei. Sind Sie bereit, etwas zu bewegen?\" \/>\n<meta property=\"og:url\" content=\"https:\/\/careers-ch.forvismazars.com\/de\/warum-forvis-mazars\/\" \/>\n<meta property=\"og:site_name\" content=\"Careers at Forvis Mazars in Switzerland\" \/>\n<meta property=\"article:modified_time\" content=\"2026-01-28T15:08:01+00:00\" \/>\n<meta property=\"og:image\" content=\"https:\/\/careers-ch.forvismazars.com\/wp-content\/uploads\/sites\/34\/2026\/01\/GettyImages-1626847259-2.jpg\" \/>\n\t<meta property=\"og:image:width\" content=\"2146\" \/>\n\t<meta property=\"og:image:height\" content=\"1397\" \/>\n\t<meta property=\"og:image:type\" content=\"image\/jpeg\" \/>\n<meta name=\"twitter:card\" content=\"summary_large_image\" \/>\n<meta name=\"twitter:label1\" content=\"Gesch\u00e4tzte Lesezeit\" \/>\n\t<meta name=\"twitter:data1\" content=\"2\u00a0Minuten\" \/>\n<script type=\"application\/ld+json\" class=\"yoast-schema-graph\">{\"@context\":\"https:\/\/schema.org\",\"@graph\":[{\"@type\":\"WebPage\",\"@id\":\"https:\/\/careers-ch.forvismazars.com\/de\/warum-forvis-mazars\/\",\"url\":\"https:\/\/careers-ch.forvismazars.com\/de\/warum-forvis-mazars\/\",\"name\":\"Werden Sie Teil von Forvis Mazars | Grow. Belong. Impact.\",\"isPartOf\":{\"@id\":\"https:\/\/careers.mazars.ch\/de\/#website\"},\"primaryImageOfPage\":{\"@id\":\"https:\/\/careers-ch.forvismazars.com\/de\/warum-forvis-mazars\/#primaryimage\"},\"image\":{\"@id\":\"https:\/\/careers-ch.forvismazars.com\/de\/warum-forvis-mazars\/#primaryimage\"},\"thumbnailUrl\":\"https:\/\/careers-ch.forvismazars.com\/wp-content\/uploads\/sites\/34\/2026\/01\/GettyImages-1626847259-2.jpg\",\"datePublished\":\"2022-03-17T16:51:48+00:00\",\"dateModified\":\"2026-01-28T15:08:01+00:00\",\"description\":\"Entwickeln Sie Ihre Talente, werden Sie Teil eines globalen Teams und tragen Sie mit Forvis Mazars zu einer nachhaltigen Zukunft bei. Sind Sie bereit, etwas zu bewegen?\",\"breadcrumb\":{\"@id\":\"https:\/\/careers-ch.forvismazars.com\/de\/warum-forvis-mazars\/#breadcrumb\"},\"inLanguage\":\"de\",\"potentialAction\":[{\"@type\":\"ReadAction\",\"target\":[\"https:\/\/careers-ch.forvismazars.com\/de\/warum-forvis-mazars\/\"]}]},{\"@type\":\"ImageObject\",\"inLanguage\":\"de\",\"@id\":\"https:\/\/careers-ch.forvismazars.com\/de\/warum-forvis-mazars\/#primaryimage\",\"url\":\"https:\/\/careers-ch.forvismazars.com\/wp-content\/uploads\/sites\/34\/2026\/01\/GettyImages-1626847259-2.jpg\",\"contentUrl\":\"https:\/\/careers-ch.forvismazars.com\/wp-content\/uploads\/sites\/34\/2026\/01\/GettyImages-1626847259-2.jpg\",\"width\":2146,\"height\":1397,\"caption\":\"A group of smiling entrepreneurs brainstorming about some project while standing at the office desk.\"},{\"@type\":\"BreadcrumbList\",\"@id\":\"https:\/\/careers-ch.forvismazars.com\/de\/warum-forvis-mazars\/#breadcrumb\",\"itemListElement\":[{\"@type\":\"ListItem\",\"position\":1,\"name\":\"Accueil\",\"item\":\"https:\/\/careers-ch.forvismazars.com\/de\/\"},{\"@type\":\"ListItem\",\"position\":2,\"name\":\"Warum Forvis Mazars?\"}]},{\"@type\":\"WebSite\",\"@id\":\"https:\/\/careers.mazars.ch\/de\/#website\",\"url\":\"https:\/\/careers.mazars.ch\/de\/\",\"name\":\"Careers at Forvis Mazars in Switzerland\",\"description\":\"Careers at Forvis Mazars in Switzerland\",\"potentialAction\":[{\"@type\":\"SearchAction\",\"target\":{\"@type\":\"EntryPoint\",\"urlTemplate\":\"https:\/\/careers.mazars.ch\/de\/?s={search_term_string}\"},\"query-input\":{\"@type\":\"PropertyValueSpecification\",\"valueRequired\":true,\"valueName\":\"search_term_string\"}}],\"inLanguage\":\"de\"}]}<\/script>\n<!-- \/ Yoast SEO plugin. -->","yoast_head_json":{"title":"Werden Sie Teil von Forvis Mazars | Grow. Belong. Impact.","description":"Entwickeln Sie Ihre Talente, werden Sie Teil eines globalen Teams und tragen Sie mit Forvis Mazars zu einer nachhaltigen Zukunft bei. Sind Sie bereit, etwas zu bewegen?","robots":{"index":"index","follow":"follow","max-snippet":"max-snippet:-1","max-image-preview":"max-image-preview:large","max-video-preview":"max-video-preview:-1"},"canonical":"https:\/\/careers-ch.forvismazars.com\/de\/warum-forvis-mazars\/","og_locale":"de_DE","og_type":"article","og_title":"Werden Sie Teil von Forvis Mazars | Grow. Belong. Impact.","og_description":"Entwickeln Sie Ihre Talente, werden Sie Teil eines globalen Teams und tragen Sie mit Forvis Mazars zu einer nachhaltigen Zukunft bei. Sind Sie bereit, etwas zu bewegen?","og_url":"https:\/\/careers-ch.forvismazars.com\/de\/warum-forvis-mazars\/","og_site_name":"Careers at Forvis Mazars in Switzerland","article_modified_time":"2026-01-28T15:08:01+00:00","og_image":[{"width":2146,"height":1397,"url":"https:\/\/careers-ch.forvismazars.com\/wp-content\/uploads\/sites\/34\/2026\/01\/GettyImages-1626847259-2.jpg","type":"image\/jpeg"}],"twitter_card":"summary_large_image","twitter_misc":{"Gesch\u00e4tzte Lesezeit":"2\u00a0Minuten"},"schema":{"@context":"https:\/\/schema.org","@graph":[{"@type":"WebPage","@id":"https:\/\/careers-ch.forvismazars.com\/de\/warum-forvis-mazars\/","url":"https:\/\/careers-ch.forvismazars.com\/de\/warum-forvis-mazars\/","name":"Werden Sie Teil von Forvis Mazars | Grow. Belong. Impact.","isPartOf":{"@id":"https:\/\/careers.mazars.ch\/de\/#website"},"primaryImageOfPage":{"@id":"https:\/\/careers-ch.forvismazars.com\/de\/warum-forvis-mazars\/#primaryimage"},"image":{"@id":"https:\/\/careers-ch.forvismazars.com\/de\/warum-forvis-mazars\/#primaryimage"},"thumbnailUrl":"https:\/\/careers-ch.forvismazars.com\/wp-content\/uploads\/sites\/34\/2026\/01\/GettyImages-1626847259-2.jpg","datePublished":"2022-03-17T16:51:48+00:00","dateModified":"2026-01-28T15:08:01+00:00","description":"Entwickeln Sie Ihre Talente, werden Sie Teil eines globalen Teams und tragen Sie mit Forvis Mazars zu einer nachhaltigen Zukunft bei. Sind Sie bereit, etwas zu bewegen?","breadcrumb":{"@id":"https:\/\/careers-ch.forvismazars.com\/de\/warum-forvis-mazars\/#breadcrumb"},"inLanguage":"de","potentialAction":[{"@type":"ReadAction","target":["https:\/\/careers-ch.forvismazars.com\/de\/warum-forvis-mazars\/"]}]},{"@type":"ImageObject","inLanguage":"de","@id":"https:\/\/careers-ch.forvismazars.com\/de\/warum-forvis-mazars\/#primaryimage","url":"https:\/\/careers-ch.forvismazars.com\/wp-content\/uploads\/sites\/34\/2026\/01\/GettyImages-1626847259-2.jpg","contentUrl":"https:\/\/careers-ch.forvismazars.com\/wp-content\/uploads\/sites\/34\/2026\/01\/GettyImages-1626847259-2.jpg","width":2146,"height":1397,"caption":"A group of smiling entrepreneurs brainstorming about some project while standing at the office desk."},{"@type":"BreadcrumbList","@id":"https:\/\/careers-ch.forvismazars.com\/de\/warum-forvis-mazars\/#breadcrumb","itemListElement":[{"@type":"ListItem","position":1,"name":"Accueil","item":"https:\/\/careers-ch.forvismazars.com\/de\/"},{"@type":"ListItem","position":2,"name":"Warum Forvis Mazars?"}]},{"@type":"WebSite","@id":"https:\/\/careers.mazars.ch\/de\/#website","url":"https:\/\/careers.mazars.ch\/de\/","name":"Careers at Forvis Mazars in Switzerland","description":"Careers at Forvis Mazars in Switzerland","potentialAction":[{"@type":"SearchAction","target":{"@type":"EntryPoint","urlTemplate":"https:\/\/careers.mazars.ch\/de\/?s={search_term_string}"},"query-input":{"@type":"PropertyValueSpecification","valueRequired":true,"valueName":"search_term_string"}}],"inLanguage":"de"}]}},"_links":{"self":[{"href":"https:\/\/careers-ch.forvismazars.com\/de\/wp-json\/wp\/v2\/pages\/5648","targetHints":{"allow":["GET"]}}],"collection":[{"href":"https:\/\/careers-ch.forvismazars.com\/de\/wp-json\/wp\/v2\/pages"}],"about":[{"href":"https:\/\/careers-ch.forvismazars.com\/de\/wp-json\/wp\/v2\/types\/page"}],"author":[{"embeddable":true,"href":"https:\/\/careers-ch.forvismazars.com\/de\/wp-json\/wp\/v2\/users\/59"}],"replies":[{"embeddable":true,"href":"https:\/\/careers-ch.forvismazars.com\/de\/wp-json\/wp\/v2\/comments?post=5648"}],"version-history":[{"count":15,"href":"https:\/\/careers-ch.forvismazars.com\/de\/wp-json\/wp\/v2\/pages\/5648\/revisions"}],"predecessor-version":[{"id":1852183,"href":"https:\/\/careers-ch.forvismazars.com\/de\/wp-json\/wp\/v2\/pages\/5648\/revisions\/1852183"}],"wp:featuredmedia":[{"embeddable":true,"href":"https:\/\/careers-ch.forvismazars.com\/de\/wp-json\/wp\/v2\/media\/1831935"}],"wp:attachment":[{"href":"https:\/\/careers-ch.forvismazars.com\/de\/wp-json\/wp\/v2\/media?parent=5648"}],"curies":[{"name":"wp","href":"https:\/\/api.w.org\/{rel}","templated":true}]}}