{"id":5653,"date":"2022-03-17T16:50:30","date_gmt":"2022-03-17T16:50:30","guid":{"rendered":"https:\/\/careers.mazars.ch\/etudiant\/"},"modified":"2026-03-26T08:08:30","modified_gmt":"2026-03-26T08:08:30","slug":"studierende","status":"publish","type":"page","link":"https:\/\/careers-ch.forvismazars.com\/de\/studierende\/","title":{"rendered":"Studierende"},"content":{"rendered":"\n<p><strong>Entdecke die Welt der Wirtschaftspr\u00fcfung und Beratung und lege den Grundstein f\u00fcr deine Karriere! Als Praktikantin oder Praktikant bearbeitest du von Anfang an spannende Aufgaben und sammelst schon w\u00e4hrend deines Studiums wertvolle Praxiserfahrung.<\/strong><\/p>\n\n\n\n<p>Wir bieten Studierenden einer Universit\u00e4t oder Fachhochschule die M\u00f6glichkeit, ein 6\u201312-monatiges Praktikum in den Bereichen Audit, Steuern, Consulting, Accounting &amp; Outsourcing, Financial Advisory oder Nachhaltigkeit zu absolvieren.<\/p>\n\n\n\n<h2 class=\"wp-block-heading has-large-font-size\"><strong>Einstiegsm\u00f6glichkeiten<\/strong><\/h2>\n\n\n\n<p>Lerne die Vielfalt unserer T\u00e4tigkeiten kennen und profitiere von der engen Zusammenarbeit im Team sowie von den langj\u00e4hrigen Erfahrungen deiner Kolleginnen und Kollegen. Vom ersten Tag an bist du festes Teammitglied in einer unserer Service Lines und \u00fcbernimmst anspruchsvolle Aufgaben. So sammelst du praxisnahe Erfahrungen zur Vorbereitung auf deinen Berufseinstieg und baust dir gleichzeitig ein relevantes Business\u2011Netzwerk auf.<\/p>\n\n\n\n<p>Deine Arbeitszeiten als Praktikantin oder Praktikant k\u00f6nnen flexibel an dein Studium angepasst werden.<\/p>\n","protected":false},"excerpt":{"rendered":"<p>Entdecke die Welt der Wirtschaftspr\u00fcfung und Beratung und lege den Grundstein f\u00fcr deine Karriere! Als Praktikantin oder Praktikant bearbeitest du von Anfang an spannende Aufgaben und sammelst schon w\u00e4hrend deines Studiums wertvolle Praxiserfahrung. Wir bieten Studierenden einer Universit\u00e4t oder Fachhochschule die M\u00f6glichkeit, ein 6\u201312-monatiges Praktikum in den Bereichen Audit, Steuern, Consulting, Accounting &amp; Outsourcing, Financial [&hellip;]<\/p>\n","protected":false},"author":59,"featured_media":5855,"parent":0,"menu_order":0,"comment_status":"closed","ping_status":"closed","template":"page-standard-content.php","meta":{"_acf_changed":false,"footnotes":""},"class_list":["post-5653","page","type-page","status-publish","has-post-thumbnail","hentry"],"acf":[],"yoast_head":"<!-- This site is optimized with the Yoast SEO plugin v26.8 - https:\/\/yoast.com\/product\/yoast-seo-wordpress\/ -->\n<title>Student, entdecke die Welt der Audit &amp; -Consulting | Die Forvis Mazars Erfahrung<\/title>\n<meta name=\"description\" content=\"Bei Forvis Mazars zu beginnen ist ein echtes Sprungbrett f\u00fcr den Beginn deiner Karriere und die Gelegenheit, in einem internationalen Unternehmen zu starten\" \/>\n<meta name=\"robots\" content=\"index, follow, max-snippet:-1, max-image-preview:large, max-video-preview:-1\" \/>\n<link rel=\"canonical\" href=\"https:\/\/careers-ch.forvismazars.com\/de\/studierende\/\" \/>\n<meta property=\"og:locale\" content=\"de_DE\" \/>\n<meta property=\"og:type\" content=\"article\" \/>\n<meta property=\"og:title\" content=\"Student, entdecke die Welt der Audit &amp; -Consulting | Die Forvis Mazars Erfahrung\" \/>\n<meta property=\"og:description\" content=\"Bei Forvis Mazars zu beginnen ist ein echtes Sprungbrett f\u00fcr den Beginn deiner Karriere und die Gelegenheit, in einem internationalen Unternehmen zu starten\" \/>\n<meta property=\"og:url\" content=\"https:\/\/careers-ch.forvismazars.com\/de\/studierende\/\" \/>\n<meta property=\"og:site_name\" content=\"Careers at Forvis Mazars in Switzerland\" \/>\n<meta property=\"article:modified_time\" content=\"2026-03-26T08:08:30+00:00\" \/>\n<meta property=\"og:image\" content=\"https:\/\/careers-ch.forvismazars.com\/wp-content\/uploads\/sites\/34\/2022\/05\/student.jpg\" \/>\n\t<meta property=\"og:image:width\" content=\"1600\" \/>\n\t<meta property=\"og:image:height\" content=\"1067\" \/>\n\t<meta property=\"og:image:type\" content=\"image\/jpeg\" \/>\n<meta name=\"twitter:card\" content=\"summary_large_image\" \/>\n<meta name=\"twitter:label1\" content=\"Gesch\u00e4tzte Lesezeit\" \/>\n\t<meta name=\"twitter:data1\" content=\"1\u00a0Minute\" \/>\n<script type=\"application\/ld+json\" class=\"yoast-schema-graph\">{\"@context\":\"https:\/\/schema.org\",\"@graph\":[{\"@type\":\"WebPage\",\"@id\":\"https:\/\/careers-ch.forvismazars.com\/de\/studierende\/\",\"url\":\"https:\/\/careers-ch.forvismazars.com\/de\/studierende\/\",\"name\":\"Student, entdecke die Welt der Audit & -Consulting | Die Forvis Mazars Erfahrung\",\"isPartOf\":{\"@id\":\"https:\/\/careers.mazars.ch\/de\/#website\"},\"primaryImageOfPage\":{\"@id\":\"https:\/\/careers-ch.forvismazars.com\/de\/studierende\/#primaryimage\"},\"image\":{\"@id\":\"https:\/\/careers-ch.forvismazars.com\/de\/studierende\/#primaryimage\"},\"thumbnailUrl\":\"https:\/\/careers-ch.forvismazars.com\/wp-content\/uploads\/sites\/34\/2022\/05\/student.jpg\",\"datePublished\":\"2022-03-17T16:50:30+00:00\",\"dateModified\":\"2026-03-26T08:08:30+00:00\",\"description\":\"Bei Forvis Mazars zu beginnen ist ein echtes Sprungbrett f\u00fcr den Beginn deiner Karriere und die Gelegenheit, in einem internationalen Unternehmen zu starten\",\"breadcrumb\":{\"@id\":\"https:\/\/careers-ch.forvismazars.com\/de\/studierende\/#breadcrumb\"},\"inLanguage\":\"de\",\"potentialAction\":[{\"@type\":\"ReadAction\",\"target\":[\"https:\/\/careers-ch.forvismazars.com\/de\/studierende\/\"]}]},{\"@type\":\"ImageObject\",\"inLanguage\":\"de\",\"@id\":\"https:\/\/careers-ch.forvismazars.com\/de\/studierende\/#primaryimage\",\"url\":\"https:\/\/careers-ch.forvismazars.com\/wp-content\/uploads\/sites\/34\/2022\/05\/student.jpg\",\"contentUrl\":\"https:\/\/careers-ch.forvismazars.com\/wp-content\/uploads\/sites\/34\/2022\/05\/student.jpg\",\"width\":1600,\"height\":1067},{\"@type\":\"BreadcrumbList\",\"@id\":\"https:\/\/careers-ch.forvismazars.com\/de\/studierende\/#breadcrumb\",\"itemListElement\":[{\"@type\":\"ListItem\",\"position\":1,\"name\":\"Accueil\",\"item\":\"https:\/\/careers-ch.forvismazars.com\/de\/\"},{\"@type\":\"ListItem\",\"position\":2,\"name\":\"Studierende\"}]},{\"@type\":\"WebSite\",\"@id\":\"https:\/\/careers.mazars.ch\/de\/#website\",\"url\":\"https:\/\/careers.mazars.ch\/de\/\",\"name\":\"Careers at Forvis Mazars in Switzerland\",\"description\":\"Careers at Forvis Mazars in Switzerland\",\"potentialAction\":[{\"@type\":\"SearchAction\",\"target\":{\"@type\":\"EntryPoint\",\"urlTemplate\":\"https:\/\/careers.mazars.ch\/de\/?s={search_term_string}\"},\"query-input\":{\"@type\":\"PropertyValueSpecification\",\"valueRequired\":true,\"valueName\":\"search_term_string\"}}],\"inLanguage\":\"de\"}]}<\/script>\n<!-- \/ Yoast SEO plugin. -->","yoast_head_json":{"title":"Student, entdecke die Welt der Audit & -Consulting | Die Forvis Mazars Erfahrung","description":"Bei Forvis Mazars zu beginnen ist ein echtes Sprungbrett f\u00fcr den Beginn deiner Karriere und die Gelegenheit, in einem internationalen Unternehmen zu starten","robots":{"index":"index","follow":"follow","max-snippet":"max-snippet:-1","max-image-preview":"max-image-preview:large","max-video-preview":"max-video-preview:-1"},"canonical":"https:\/\/careers-ch.forvismazars.com\/de\/studierende\/","og_locale":"de_DE","og_type":"article","og_title":"Student, entdecke die Welt der Audit & -Consulting | Die Forvis Mazars Erfahrung","og_description":"Bei Forvis Mazars zu beginnen ist ein echtes Sprungbrett f\u00fcr den Beginn deiner Karriere und die Gelegenheit, in einem internationalen Unternehmen zu starten","og_url":"https:\/\/careers-ch.forvismazars.com\/de\/studierende\/","og_site_name":"Careers at Forvis Mazars in Switzerland","article_modified_time":"2026-03-26T08:08:30+00:00","og_image":[{"width":1600,"height":1067,"url":"https:\/\/careers-ch.forvismazars.com\/wp-content\/uploads\/sites\/34\/2022\/05\/student.jpg","type":"image\/jpeg"}],"twitter_card":"summary_large_image","twitter_misc":{"Gesch\u00e4tzte Lesezeit":"1\u00a0Minute"},"schema":{"@context":"https:\/\/schema.org","@graph":[{"@type":"WebPage","@id":"https:\/\/careers-ch.forvismazars.com\/de\/studierende\/","url":"https:\/\/careers-ch.forvismazars.com\/de\/studierende\/","name":"Student, entdecke die Welt der Audit & -Consulting | Die Forvis Mazars Erfahrung","isPartOf":{"@id":"https:\/\/careers.mazars.ch\/de\/#website"},"primaryImageOfPage":{"@id":"https:\/\/careers-ch.forvismazars.com\/de\/studierende\/#primaryimage"},"image":{"@id":"https:\/\/careers-ch.forvismazars.com\/de\/studierende\/#primaryimage"},"thumbnailUrl":"https:\/\/careers-ch.forvismazars.com\/wp-content\/uploads\/sites\/34\/2022\/05\/student.jpg","datePublished":"2022-03-17T16:50:30+00:00","dateModified":"2026-03-26T08:08:30+00:00","description":"Bei Forvis Mazars zu beginnen ist ein echtes Sprungbrett f\u00fcr den Beginn deiner Karriere und die Gelegenheit, in einem internationalen Unternehmen zu starten","breadcrumb":{"@id":"https:\/\/careers-ch.forvismazars.com\/de\/studierende\/#breadcrumb"},"inLanguage":"de","potentialAction":[{"@type":"ReadAction","target":["https:\/\/careers-ch.forvismazars.com\/de\/studierende\/"]}]},{"@type":"ImageObject","inLanguage":"de","@id":"https:\/\/careers-ch.forvismazars.com\/de\/studierende\/#primaryimage","url":"https:\/\/careers-ch.forvismazars.com\/wp-content\/uploads\/sites\/34\/2022\/05\/student.jpg","contentUrl":"https:\/\/careers-ch.forvismazars.com\/wp-content\/uploads\/sites\/34\/2022\/05\/student.jpg","width":1600,"height":1067},{"@type":"BreadcrumbList","@id":"https:\/\/careers-ch.forvismazars.com\/de\/studierende\/#breadcrumb","itemListElement":[{"@type":"ListItem","position":1,"name":"Accueil","item":"https:\/\/careers-ch.forvismazars.com\/de\/"},{"@type":"ListItem","position":2,"name":"Studierende"}]},{"@type":"WebSite","@id":"https:\/\/careers.mazars.ch\/de\/#website","url":"https:\/\/careers.mazars.ch\/de\/","name":"Careers at Forvis Mazars in Switzerland","description":"Careers at Forvis Mazars in Switzerland","potentialAction":[{"@type":"SearchAction","target":{"@type":"EntryPoint","urlTemplate":"https:\/\/careers.mazars.ch\/de\/?s={search_term_string}"},"query-input":{"@type":"PropertyValueSpecification","valueRequired":true,"valueName":"search_term_string"}}],"inLanguage":"de"}]}},"_links":{"self":[{"href":"https:\/\/careers-ch.forvismazars.com\/de\/wp-json\/wp\/v2\/pages\/5653","targetHints":{"allow":["GET"]}}],"collection":[{"href":"https:\/\/careers-ch.forvismazars.com\/de\/wp-json\/wp\/v2\/pages"}],"about":[{"href":"https:\/\/careers-ch.forvismazars.com\/de\/wp-json\/wp\/v2\/types\/page"}],"author":[{"embeddable":true,"href":"https:\/\/careers-ch.forvismazars.com\/de\/wp-json\/wp\/v2\/users\/59"}],"replies":[{"embeddable":true,"href":"https:\/\/careers-ch.forvismazars.com\/de\/wp-json\/wp\/v2\/comments?post=5653"}],"version-history":[{"count":7,"href":"https:\/\/careers-ch.forvismazars.com\/de\/wp-json\/wp\/v2\/pages\/5653\/revisions"}],"predecessor-version":[{"id":1945645,"href":"https:\/\/careers-ch.forvismazars.com\/de\/wp-json\/wp\/v2\/pages\/5653\/revisions\/1945645"}],"wp:featuredmedia":[{"embeddable":true,"href":"https:\/\/careers-ch.forvismazars.com\/de\/wp-json\/wp\/v2\/media\/5855"}],"wp:attachment":[{"href":"https:\/\/careers-ch.forvismazars.com\/de\/wp-json\/wp\/v2\/media?parent=5653"}],"curies":[{"name":"wp","href":"https:\/\/api.w.org\/{rel}","templated":true}]}}