{"id":5657,"date":"2022-03-17T16:49:42","date_gmt":"2022-03-17T16:49:42","guid":{"rendered":"https:\/\/careers.mazars.ch\/jeune-diplome\/"},"modified":"2026-03-23T20:25:11","modified_gmt":"2026-03-23T20:25:11","slug":"absolventen","status":"publish","type":"page","link":"https:\/\/careers-ch.forvismazars.com\/de\/absolventen\/","title":{"rendered":"Absolventen"},"content":{"rendered":"\n<p><strong>Du stehst am Anfang Deiner Karriere und willst durchstarten. Dann bewirb dich jetzt auf eine offene Stelle oder spontan! Wir freuen uns dich kennenzulernen.<\/strong><\/p>\n\n\n\n<h2 class=\"wp-block-heading has-large-font-size\"><strong>Dein Einstieg bei uns<\/strong><\/h2>\n\n\n\n<p>Als Absolventin oder Absolvent bist du schon fr\u00fch bei Kundinnen und Kunden vor Ort und lernst die ganze Bandbreite deines Berufes kennen. Du \u00fcbernimmst schnell Verantwortung und bearbeitest mit dem Team auch zunehmend selbst\u00e4ndig Projekte und entwickelst L\u00f6sungsvorschl\u00e4ge. W\u00e4hrend der ganzen Zeit steht dir ein Coach zur Verf\u00fcgung, der dich unterst\u00fctzt.<\/p>\n\n\n\n<p>Durch regelm\u00e4ssige Weiterbildungen und durch interne Schulungen hast du die M\u00f6glichkeit, dein Fachwissen konstant weiterzuentwickeln.<\/p>\n\n\n\n<h2 class=\"wp-block-heading has-large-font-size\"><strong>Deine Vorteile<\/strong><\/h2>\n\n\n\n<ul class=\"wp-block-list\">\n<li>Herausfordernde und abwechslungsreiche Aufgaben<\/li>\n\n\n\n<li>Zeitliche und finanzielle Unterst\u00fctzung zu verschiedenen Ausbildungen (u.a. Dipl. Wirtschaftspr\u00fcferin \/ Wirtschaftspr\u00fcfer Ausbildung, Dipl. Steuerexpertin \/ Steuerexperte oder Chartered Financial Analyst)<\/li>\n\n\n\n<li>Betreuung durch erfahrene Mitarbeitende<\/li>\n\n\n\n<li>Aufgrund unserer flachen Hierarchien M\u00f6glichkeit sich von Beginn an selbst\u00e4ndig einzubringen<\/li>\n\n\n\n<li>Fortlaufende interne Weiterbildungen im In- und Ausland<\/li>\n\n\n\n<li>M\u00f6glichkeit, im Ausland zu arbeiten (International Mobility Programme von Forvis Mazars)<\/li>\n<\/ul>\n","protected":false},"excerpt":{"rendered":"<p>Du stehst am Anfang Deiner Karriere und willst durchstarten. Dann bewirb dich jetzt auf eine offene Stelle oder spontan! Wir freuen uns dich kennenzulernen. Dein Einstieg bei uns Als Absolventin oder Absolvent bist du schon fr\u00fch bei Kundinnen und Kunden vor Ort und lernst die ganze Bandbreite deines Berufes kennen. Du \u00fcbernimmst schnell Verantwortung und [&hellip;]<\/p>\n","protected":false},"author":59,"featured_media":5654,"parent":0,"menu_order":0,"comment_status":"closed","ping_status":"closed","template":"page-standard-content.php","meta":{"_acf_changed":false,"footnotes":""},"class_list":["post-5657","page","type-page","status-publish","has-post-thumbnail","hentry"],"acf":[],"yoast_head":"<!-- This site is optimized with the Yoast SEO plugin v26.8 - https:\/\/yoast.com\/product\/yoast-seo-wordpress\/ -->\n<title>Ein dynamisches &amp; wohlwollendes Unternehmen f\u00fcr junge Absolventen<\/title>\n<meta name=\"description\" content=\"Deine Vorteile, wenn du bei uns anf\u00e4ngst: Spannende Aufgaben, finanzielle Unterst\u00fctzung, Betreuung durch einen erfahrenen Mentor, Schulungen...\" \/>\n<meta name=\"robots\" content=\"index, follow, max-snippet:-1, max-image-preview:large, max-video-preview:-1\" \/>\n<link rel=\"canonical\" href=\"https:\/\/careers-ch.forvismazars.com\/de\/absolventen\/\" \/>\n<meta property=\"og:locale\" content=\"de_DE\" \/>\n<meta property=\"og:type\" content=\"article\" \/>\n<meta property=\"og:title\" content=\"Ein dynamisches &amp; wohlwollendes Unternehmen f\u00fcr junge Absolventen\" \/>\n<meta property=\"og:description\" content=\"Deine Vorteile, wenn du bei uns anf\u00e4ngst: Spannende Aufgaben, finanzielle Unterst\u00fctzung, Betreuung durch einen erfahrenen Mentor, Schulungen...\" \/>\n<meta property=\"og:url\" content=\"https:\/\/careers-ch.forvismazars.com\/de\/absolventen\/\" \/>\n<meta property=\"og:site_name\" content=\"Careers at Forvis Mazars in Switzerland\" \/>\n<meta property=\"article:modified_time\" content=\"2026-03-23T20:25:11+00:00\" \/>\n<meta property=\"og:image\" content=\"https:\/\/careers-ch.forvismazars.com\/wp-content\/uploads\/sites\/34\/2020\/11\/Consulting-2020_page_top.jpg\" \/>\n\t<meta property=\"og:image:width\" content=\"1600\" \/>\n\t<meta property=\"og:image:height\" content=\"500\" \/>\n\t<meta property=\"og:image:type\" content=\"image\/jpeg\" \/>\n<meta name=\"twitter:card\" content=\"summary_large_image\" \/>\n<meta name=\"twitter:label1\" content=\"Gesch\u00e4tzte Lesezeit\" \/>\n\t<meta name=\"twitter:data1\" content=\"1\u00a0Minute\" \/>\n<script type=\"application\/ld+json\" class=\"yoast-schema-graph\">{\"@context\":\"https:\/\/schema.org\",\"@graph\":[{\"@type\":\"WebPage\",\"@id\":\"https:\/\/careers-ch.forvismazars.com\/de\/absolventen\/\",\"url\":\"https:\/\/careers-ch.forvismazars.com\/de\/absolventen\/\",\"name\":\"Ein dynamisches & wohlwollendes Unternehmen f\u00fcr junge Absolventen\",\"isPartOf\":{\"@id\":\"https:\/\/careers.mazars.ch\/de\/#website\"},\"primaryImageOfPage\":{\"@id\":\"https:\/\/careers-ch.forvismazars.com\/de\/absolventen\/#primaryimage\"},\"image\":{\"@id\":\"https:\/\/careers-ch.forvismazars.com\/de\/absolventen\/#primaryimage\"},\"thumbnailUrl\":\"https:\/\/careers-ch.forvismazars.com\/wp-content\/uploads\/sites\/34\/2020\/11\/Consulting-2020_page_top.jpg\",\"datePublished\":\"2022-03-17T16:49:42+00:00\",\"dateModified\":\"2026-03-23T20:25:11+00:00\",\"description\":\"Deine Vorteile, wenn du bei uns anf\u00e4ngst: Spannende Aufgaben, finanzielle Unterst\u00fctzung, Betreuung durch einen erfahrenen Mentor, Schulungen...\",\"breadcrumb\":{\"@id\":\"https:\/\/careers-ch.forvismazars.com\/de\/absolventen\/#breadcrumb\"},\"inLanguage\":\"de\",\"potentialAction\":[{\"@type\":\"ReadAction\",\"target\":[\"https:\/\/careers-ch.forvismazars.com\/de\/absolventen\/\"]}]},{\"@type\":\"ImageObject\",\"inLanguage\":\"de\",\"@id\":\"https:\/\/careers-ch.forvismazars.com\/de\/absolventen\/#primaryimage\",\"url\":\"https:\/\/careers-ch.forvismazars.com\/wp-content\/uploads\/sites\/34\/2020\/11\/Consulting-2020_page_top.jpg\",\"contentUrl\":\"https:\/\/careers-ch.forvismazars.com\/wp-content\/uploads\/sites\/34\/2020\/11\/Consulting-2020_page_top.jpg\",\"width\":1600,\"height\":500},{\"@type\":\"BreadcrumbList\",\"@id\":\"https:\/\/careers-ch.forvismazars.com\/de\/absolventen\/#breadcrumb\",\"itemListElement\":[{\"@type\":\"ListItem\",\"position\":1,\"name\":\"Accueil\",\"item\":\"https:\/\/careers-ch.forvismazars.com\/de\/\"},{\"@type\":\"ListItem\",\"position\":2,\"name\":\"Absolventen\"}]},{\"@type\":\"WebSite\",\"@id\":\"https:\/\/careers.mazars.ch\/de\/#website\",\"url\":\"https:\/\/careers.mazars.ch\/de\/\",\"name\":\"Careers at Forvis Mazars in Switzerland\",\"description\":\"Careers at Forvis Mazars in Switzerland\",\"potentialAction\":[{\"@type\":\"SearchAction\",\"target\":{\"@type\":\"EntryPoint\",\"urlTemplate\":\"https:\/\/careers.mazars.ch\/de\/?s={search_term_string}\"},\"query-input\":{\"@type\":\"PropertyValueSpecification\",\"valueRequired\":true,\"valueName\":\"search_term_string\"}}],\"inLanguage\":\"de\"}]}<\/script>\n<!-- \/ Yoast SEO plugin. -->","yoast_head_json":{"title":"Ein dynamisches & wohlwollendes Unternehmen f\u00fcr junge Absolventen","description":"Deine Vorteile, wenn du bei uns anf\u00e4ngst: Spannende Aufgaben, finanzielle Unterst\u00fctzung, Betreuung durch einen erfahrenen Mentor, Schulungen...","robots":{"index":"index","follow":"follow","max-snippet":"max-snippet:-1","max-image-preview":"max-image-preview:large","max-video-preview":"max-video-preview:-1"},"canonical":"https:\/\/careers-ch.forvismazars.com\/de\/absolventen\/","og_locale":"de_DE","og_type":"article","og_title":"Ein dynamisches & wohlwollendes Unternehmen f\u00fcr junge Absolventen","og_description":"Deine Vorteile, wenn du bei uns anf\u00e4ngst: Spannende Aufgaben, finanzielle Unterst\u00fctzung, Betreuung durch einen erfahrenen Mentor, Schulungen...","og_url":"https:\/\/careers-ch.forvismazars.com\/de\/absolventen\/","og_site_name":"Careers at Forvis Mazars in Switzerland","article_modified_time":"2026-03-23T20:25:11+00:00","og_image":[{"width":1600,"height":500,"url":"https:\/\/careers-ch.forvismazars.com\/wp-content\/uploads\/sites\/34\/2020\/11\/Consulting-2020_page_top.jpg","type":"image\/jpeg"}],"twitter_card":"summary_large_image","twitter_misc":{"Gesch\u00e4tzte Lesezeit":"1\u00a0Minute"},"schema":{"@context":"https:\/\/schema.org","@graph":[{"@type":"WebPage","@id":"https:\/\/careers-ch.forvismazars.com\/de\/absolventen\/","url":"https:\/\/careers-ch.forvismazars.com\/de\/absolventen\/","name":"Ein dynamisches & wohlwollendes Unternehmen f\u00fcr junge Absolventen","isPartOf":{"@id":"https:\/\/careers.mazars.ch\/de\/#website"},"primaryImageOfPage":{"@id":"https:\/\/careers-ch.forvismazars.com\/de\/absolventen\/#primaryimage"},"image":{"@id":"https:\/\/careers-ch.forvismazars.com\/de\/absolventen\/#primaryimage"},"thumbnailUrl":"https:\/\/careers-ch.forvismazars.com\/wp-content\/uploads\/sites\/34\/2020\/11\/Consulting-2020_page_top.jpg","datePublished":"2022-03-17T16:49:42+00:00","dateModified":"2026-03-23T20:25:11+00:00","description":"Deine Vorteile, wenn du bei uns anf\u00e4ngst: Spannende Aufgaben, finanzielle Unterst\u00fctzung, Betreuung durch einen erfahrenen Mentor, Schulungen...","breadcrumb":{"@id":"https:\/\/careers-ch.forvismazars.com\/de\/absolventen\/#breadcrumb"},"inLanguage":"de","potentialAction":[{"@type":"ReadAction","target":["https:\/\/careers-ch.forvismazars.com\/de\/absolventen\/"]}]},{"@type":"ImageObject","inLanguage":"de","@id":"https:\/\/careers-ch.forvismazars.com\/de\/absolventen\/#primaryimage","url":"https:\/\/careers-ch.forvismazars.com\/wp-content\/uploads\/sites\/34\/2020\/11\/Consulting-2020_page_top.jpg","contentUrl":"https:\/\/careers-ch.forvismazars.com\/wp-content\/uploads\/sites\/34\/2020\/11\/Consulting-2020_page_top.jpg","width":1600,"height":500},{"@type":"BreadcrumbList","@id":"https:\/\/careers-ch.forvismazars.com\/de\/absolventen\/#breadcrumb","itemListElement":[{"@type":"ListItem","position":1,"name":"Accueil","item":"https:\/\/careers-ch.forvismazars.com\/de\/"},{"@type":"ListItem","position":2,"name":"Absolventen"}]},{"@type":"WebSite","@id":"https:\/\/careers.mazars.ch\/de\/#website","url":"https:\/\/careers.mazars.ch\/de\/","name":"Careers at Forvis Mazars in Switzerland","description":"Careers at Forvis Mazars in Switzerland","potentialAction":[{"@type":"SearchAction","target":{"@type":"EntryPoint","urlTemplate":"https:\/\/careers.mazars.ch\/de\/?s={search_term_string}"},"query-input":{"@type":"PropertyValueSpecification","valueRequired":true,"valueName":"search_term_string"}}],"inLanguage":"de"}]}},"_links":{"self":[{"href":"https:\/\/careers-ch.forvismazars.com\/de\/wp-json\/wp\/v2\/pages\/5657","targetHints":{"allow":["GET"]}}],"collection":[{"href":"https:\/\/careers-ch.forvismazars.com\/de\/wp-json\/wp\/v2\/pages"}],"about":[{"href":"https:\/\/careers-ch.forvismazars.com\/de\/wp-json\/wp\/v2\/types\/page"}],"author":[{"embeddable":true,"href":"https:\/\/careers-ch.forvismazars.com\/de\/wp-json\/wp\/v2\/users\/59"}],"replies":[{"embeddable":true,"href":"https:\/\/careers-ch.forvismazars.com\/de\/wp-json\/wp\/v2\/comments?post=5657"}],"version-history":[{"count":8,"href":"https:\/\/careers-ch.forvismazars.com\/de\/wp-json\/wp\/v2\/pages\/5657\/revisions"}],"predecessor-version":[{"id":1942031,"href":"https:\/\/careers-ch.forvismazars.com\/de\/wp-json\/wp\/v2\/pages\/5657\/revisions\/1942031"}],"wp:featuredmedia":[{"embeddable":true,"href":"https:\/\/careers-ch.forvismazars.com\/de\/wp-json\/wp\/v2\/media\/5654"}],"wp:attachment":[{"href":"https:\/\/careers-ch.forvismazars.com\/de\/wp-json\/wp\/v2\/media?parent=5657"}],"curies":[{"name":"wp","href":"https:\/\/api.w.org\/{rel}","templated":true}]}}