{"id":5668,"date":"2022-03-17T16:52:06","date_gmt":"2022-03-17T16:52:06","guid":{"rendered":"https:\/\/careers.mazars.ch\/diversite\/"},"modified":"2024-06-04T15:00:57","modified_gmt":"2024-06-04T15:00:57","slug":"diversity","status":"publish","type":"page","link":"https:\/\/careers-ch.forvismazars.com\/de\/diversity\/","title":{"rendered":"Diversity"},"content":{"rendered":"\n<h2 class=\"wp-block-heading\"><strong><strong><strong>Von Natur aus vielf\u00e4ltig<\/strong><\/strong><\/strong><\/h2>\n\n\n\n<p>Wir wissen, dass wir f\u00fcr unser Unternehmen, unsere Kunden und unser Umfeld Werte schaffen, indem wir unterschiedliche Perspektiven einbeziehen, unsere Mitarbeiterinnen und Mitarbeiter f\u00f6rdern und unterschiedliche Hintergr\u00fcnde, Ansichten und F\u00e4higkeiten einbringen.<\/p>\n\n\n\n<p>Als internationale Partnerschaft mit lokalen Wurzeln in der ganzen Welt, ist Forvis Mazars von Natur aus ein geografisch vielf\u00e4ltiges Unternehmen, das dank der unterschiedlichen Nationalit\u00e4ten, Sprachen und Ausbildungen unserer Mitarbeitenden gewachsen ist.<\/p>\n\n\n\n<p>Heute spiegelt unser F\u00fchrungsteam diese Vielfalt wider: Unser Group Executive Board setzt sich aus acht Nationalit\u00e4ten zusammen (von insgesamt 12 Mitgliedern), und unser Group Governance Council vereint neun verschiedene Nationalit\u00e4ten (von insgesamt 11 Mitgliedern).<\/p>\n\n\n\n<p>Indem wir diese Unterschiede als integrative Organisation optimal nutzen, k\u00f6nnen wir Herausforderungen bew\u00e4ltigen, das Unternehmen voranbringen und letztlich unsere Kunden besser bedienen.<\/p>\n","protected":false},"excerpt":{"rendered":"<p>Von Natur aus vielf\u00e4ltig Wir wissen, dass wir f\u00fcr unser Unternehmen, unsere Kunden und unser Umfeld Werte schaffen, indem wir unterschiedliche Perspektiven einbeziehen, unsere Mitarbeiterinnen und Mitarbeiter f\u00f6rdern und unterschiedliche Hintergr\u00fcnde, Ansichten und F\u00e4higkeiten einbringen. Als internationale Partnerschaft mit lokalen Wurzeln in der ganzen Welt, ist Forvis Mazars von Natur aus ein geografisch vielf\u00e4ltiges Unternehmen, [&hellip;]<\/p>\n","protected":false},"author":59,"featured_media":5859,"parent":0,"menu_order":0,"comment_status":"closed","ping_status":"closed","template":"page-standard-content.php","meta":{"_acf_changed":false,"footnotes":""},"class_list":["post-5668","page","type-page","status-publish","has-post-thumbnail","hentry"],"acf":[],"yoast_head":"<!-- This site is optimized with the Yoast SEO plugin v26.8 - https:\/\/yoast.com\/product\/yoast-seo-wordpress\/ -->\n<title>Vielfalt ist das Herzst\u00fcck von Forvis Mazars, einem von Natur aus multikulturellen Unternehmen<\/title>\n<meta name=\"description\" content=\"Aus unserer Vielfalt sch\u00f6pfen wir unsere Kraft, um Herausforderungen zu meistern, unser Unternehmen wachsen zu lassen, mit dem Ziel, unseren Kunden bestm\u00f6glich zu dienen\" \/>\n<meta name=\"robots\" content=\"index, follow, max-snippet:-1, max-image-preview:large, max-video-preview:-1\" \/>\n<link rel=\"canonical\" href=\"https:\/\/careers-ch.forvismazars.com\/de\/diversity\/\" \/>\n<meta property=\"og:locale\" content=\"de_DE\" \/>\n<meta property=\"og:type\" content=\"article\" \/>\n<meta property=\"og:title\" content=\"Vielfalt ist das Herzst\u00fcck von Forvis Mazars, einem von Natur aus multikulturellen Unternehmen\" \/>\n<meta property=\"og:description\" content=\"Aus unserer Vielfalt sch\u00f6pfen wir unsere Kraft, um Herausforderungen zu meistern, unser Unternehmen wachsen zu lassen, mit dem Ziel, unseren Kunden bestm\u00f6glich zu dienen\" \/>\n<meta property=\"og:url\" content=\"https:\/\/careers-ch.forvismazars.com\/de\/diversity\/\" \/>\n<meta property=\"og:site_name\" content=\"Careers at Forvis Mazars in Switzerland\" \/>\n<meta property=\"article:modified_time\" content=\"2024-06-04T15:00:57+00:00\" \/>\n<meta property=\"og:image\" content=\"https:\/\/careers-ch.forvismazars.com\/wp-content\/uploads\/sites\/34\/2022\/05\/diversite.jpg\" \/>\n\t<meta property=\"og:image:width\" content=\"1700\" \/>\n\t<meta property=\"og:image:height\" content=\"500\" \/>\n\t<meta property=\"og:image:type\" content=\"image\/jpeg\" \/>\n<meta name=\"twitter:card\" content=\"summary_large_image\" \/>\n<meta name=\"twitter:label1\" content=\"Gesch\u00e4tzte Lesezeit\" \/>\n\t<meta name=\"twitter:data1\" content=\"1\u00a0Minute\" \/>\n<script type=\"application\/ld+json\" class=\"yoast-schema-graph\">{\"@context\":\"https:\/\/schema.org\",\"@graph\":[{\"@type\":\"WebPage\",\"@id\":\"https:\/\/careers-ch.forvismazars.com\/de\/diversity\/\",\"url\":\"https:\/\/careers-ch.forvismazars.com\/de\/diversity\/\",\"name\":\"Vielfalt ist das Herzst\u00fcck von Forvis Mazars, einem von Natur aus multikulturellen Unternehmen\",\"isPartOf\":{\"@id\":\"https:\/\/careers.mazars.ch\/de\/#website\"},\"primaryImageOfPage\":{\"@id\":\"https:\/\/careers-ch.forvismazars.com\/de\/diversity\/#primaryimage\"},\"image\":{\"@id\":\"https:\/\/careers-ch.forvismazars.com\/de\/diversity\/#primaryimage\"},\"thumbnailUrl\":\"https:\/\/careers-ch.forvismazars.com\/wp-content\/uploads\/sites\/34\/2022\/05\/diversite.jpg\",\"datePublished\":\"2022-03-17T16:52:06+00:00\",\"dateModified\":\"2024-06-04T15:00:57+00:00\",\"description\":\"Aus unserer Vielfalt sch\u00f6pfen wir unsere Kraft, um Herausforderungen zu meistern, unser Unternehmen wachsen zu lassen, mit dem Ziel, unseren Kunden bestm\u00f6glich zu dienen\",\"breadcrumb\":{\"@id\":\"https:\/\/careers-ch.forvismazars.com\/de\/diversity\/#breadcrumb\"},\"inLanguage\":\"de\",\"potentialAction\":[{\"@type\":\"ReadAction\",\"target\":[\"https:\/\/careers-ch.forvismazars.com\/de\/diversity\/\"]}]},{\"@type\":\"ImageObject\",\"inLanguage\":\"de\",\"@id\":\"https:\/\/careers-ch.forvismazars.com\/de\/diversity\/#primaryimage\",\"url\":\"https:\/\/careers-ch.forvismazars.com\/wp-content\/uploads\/sites\/34\/2022\/05\/diversite.jpg\",\"contentUrl\":\"https:\/\/careers-ch.forvismazars.com\/wp-content\/uploads\/sites\/34\/2022\/05\/diversite.jpg\",\"width\":1700,\"height\":500},{\"@type\":\"BreadcrumbList\",\"@id\":\"https:\/\/careers-ch.forvismazars.com\/de\/diversity\/#breadcrumb\",\"itemListElement\":[{\"@type\":\"ListItem\",\"position\":1,\"name\":\"Accueil\",\"item\":\"https:\/\/careers-ch.forvismazars.com\/de\/\"},{\"@type\":\"ListItem\",\"position\":2,\"name\":\"Diversity\"}]},{\"@type\":\"WebSite\",\"@id\":\"https:\/\/careers.mazars.ch\/de\/#website\",\"url\":\"https:\/\/careers.mazars.ch\/de\/\",\"name\":\"Careers at Forvis Mazars in Switzerland\",\"description\":\"Careers at Forvis Mazars in Switzerland\",\"potentialAction\":[{\"@type\":\"SearchAction\",\"target\":{\"@type\":\"EntryPoint\",\"urlTemplate\":\"https:\/\/careers.mazars.ch\/de\/?s={search_term_string}\"},\"query-input\":{\"@type\":\"PropertyValueSpecification\",\"valueRequired\":true,\"valueName\":\"search_term_string\"}}],\"inLanguage\":\"de\"}]}<\/script>\n<!-- \/ Yoast SEO plugin. -->","yoast_head_json":{"title":"Vielfalt ist das Herzst\u00fcck von Forvis Mazars, einem von Natur aus multikulturellen Unternehmen","description":"Aus unserer Vielfalt sch\u00f6pfen wir unsere Kraft, um Herausforderungen zu meistern, unser Unternehmen wachsen zu lassen, mit dem Ziel, unseren Kunden bestm\u00f6glich zu dienen","robots":{"index":"index","follow":"follow","max-snippet":"max-snippet:-1","max-image-preview":"max-image-preview:large","max-video-preview":"max-video-preview:-1"},"canonical":"https:\/\/careers-ch.forvismazars.com\/de\/diversity\/","og_locale":"de_DE","og_type":"article","og_title":"Vielfalt ist das Herzst\u00fcck von Forvis Mazars, einem von Natur aus multikulturellen Unternehmen","og_description":"Aus unserer Vielfalt sch\u00f6pfen wir unsere Kraft, um Herausforderungen zu meistern, unser Unternehmen wachsen zu lassen, mit dem Ziel, unseren Kunden bestm\u00f6glich zu dienen","og_url":"https:\/\/careers-ch.forvismazars.com\/de\/diversity\/","og_site_name":"Careers at Forvis Mazars in Switzerland","article_modified_time":"2024-06-04T15:00:57+00:00","og_image":[{"width":1700,"height":500,"url":"https:\/\/careers-ch.forvismazars.com\/wp-content\/uploads\/sites\/34\/2022\/05\/diversite.jpg","type":"image\/jpeg"}],"twitter_card":"summary_large_image","twitter_misc":{"Gesch\u00e4tzte Lesezeit":"1\u00a0Minute"},"schema":{"@context":"https:\/\/schema.org","@graph":[{"@type":"WebPage","@id":"https:\/\/careers-ch.forvismazars.com\/de\/diversity\/","url":"https:\/\/careers-ch.forvismazars.com\/de\/diversity\/","name":"Vielfalt ist das Herzst\u00fcck von Forvis Mazars, einem von Natur aus multikulturellen Unternehmen","isPartOf":{"@id":"https:\/\/careers.mazars.ch\/de\/#website"},"primaryImageOfPage":{"@id":"https:\/\/careers-ch.forvismazars.com\/de\/diversity\/#primaryimage"},"image":{"@id":"https:\/\/careers-ch.forvismazars.com\/de\/diversity\/#primaryimage"},"thumbnailUrl":"https:\/\/careers-ch.forvismazars.com\/wp-content\/uploads\/sites\/34\/2022\/05\/diversite.jpg","datePublished":"2022-03-17T16:52:06+00:00","dateModified":"2024-06-04T15:00:57+00:00","description":"Aus unserer Vielfalt sch\u00f6pfen wir unsere Kraft, um Herausforderungen zu meistern, unser Unternehmen wachsen zu lassen, mit dem Ziel, unseren Kunden bestm\u00f6glich zu dienen","breadcrumb":{"@id":"https:\/\/careers-ch.forvismazars.com\/de\/diversity\/#breadcrumb"},"inLanguage":"de","potentialAction":[{"@type":"ReadAction","target":["https:\/\/careers-ch.forvismazars.com\/de\/diversity\/"]}]},{"@type":"ImageObject","inLanguage":"de","@id":"https:\/\/careers-ch.forvismazars.com\/de\/diversity\/#primaryimage","url":"https:\/\/careers-ch.forvismazars.com\/wp-content\/uploads\/sites\/34\/2022\/05\/diversite.jpg","contentUrl":"https:\/\/careers-ch.forvismazars.com\/wp-content\/uploads\/sites\/34\/2022\/05\/diversite.jpg","width":1700,"height":500},{"@type":"BreadcrumbList","@id":"https:\/\/careers-ch.forvismazars.com\/de\/diversity\/#breadcrumb","itemListElement":[{"@type":"ListItem","position":1,"name":"Accueil","item":"https:\/\/careers-ch.forvismazars.com\/de\/"},{"@type":"ListItem","position":2,"name":"Diversity"}]},{"@type":"WebSite","@id":"https:\/\/careers.mazars.ch\/de\/#website","url":"https:\/\/careers.mazars.ch\/de\/","name":"Careers at Forvis Mazars in Switzerland","description":"Careers at Forvis Mazars in Switzerland","potentialAction":[{"@type":"SearchAction","target":{"@type":"EntryPoint","urlTemplate":"https:\/\/careers.mazars.ch\/de\/?s={search_term_string}"},"query-input":{"@type":"PropertyValueSpecification","valueRequired":true,"valueName":"search_term_string"}}],"inLanguage":"de"}]}},"_links":{"self":[{"href":"https:\/\/careers-ch.forvismazars.com\/de\/wp-json\/wp\/v2\/pages\/5668","targetHints":{"allow":["GET"]}}],"collection":[{"href":"https:\/\/careers-ch.forvismazars.com\/de\/wp-json\/wp\/v2\/pages"}],"about":[{"href":"https:\/\/careers-ch.forvismazars.com\/de\/wp-json\/wp\/v2\/types\/page"}],"author":[{"embeddable":true,"href":"https:\/\/careers-ch.forvismazars.com\/de\/wp-json\/wp\/v2\/users\/59"}],"replies":[{"embeddable":true,"href":"https:\/\/careers-ch.forvismazars.com\/de\/wp-json\/wp\/v2\/comments?post=5668"}],"version-history":[{"count":1,"href":"https:\/\/careers-ch.forvismazars.com\/de\/wp-json\/wp\/v2\/pages\/5668\/revisions"}],"predecessor-version":[{"id":892261,"href":"https:\/\/careers-ch.forvismazars.com\/de\/wp-json\/wp\/v2\/pages\/5668\/revisions\/892261"}],"wp:featuredmedia":[{"embeddable":true,"href":"https:\/\/careers-ch.forvismazars.com\/de\/wp-json\/wp\/v2\/media\/5859"}],"wp:attachment":[{"href":"https:\/\/careers-ch.forvismazars.com\/de\/wp-json\/wp\/v2\/media?parent=5668"}],"curies":[{"name":"wp","href":"https:\/\/api.w.org\/{rel}","templated":true}]}}