{"id":5672,"date":"2022-03-17T16:52:41","date_gmt":"2022-03-17T16:52:41","guid":{"rendered":"https:\/\/careers.mazars.ch\/mazars-university\/"},"modified":"2024-06-04T15:02:47","modified_gmt":"2024-06-04T15:02:47","slug":"forvis-mazars-university","status":"publish","type":"page","link":"https:\/\/careers-ch.forvismazars.com\/de\/forvis-mazars-university\/","title":{"rendered":"Forvis Mazars University"},"content":{"rendered":"\n<h2 class=\"wp-block-heading\"><strong>Die Forvis Mazars University ist ein echter Ort des Lernens, der Entdeckung und des Meinungsaustauschs mit Kolleginnen und Kollegen aus der ganzen Welt. Die Plattform f\u00f6rdert eine Kultur der Vielfalt, der Innovation, des Coachings und der F\u00fchrung.<\/strong><\/h2>\n\n\n\n<p>Die Forvis Mazars University ist CLIP-akkreditiert, einer der f\u00fchrenden Akkreditierungen f\u00fcr Unternehmensuniversit\u00e4ten.<\/p>\n\n\n\n<p>\u00dcber die Forvis Mazars University hast du Zugang zu:<\/p>\n\n\n\n<ul class=\"wp-block-list\">\n<li>21 internationalen Leadership- und Entwicklungsprogrammen: von unserem Flaggschiff &#8222;The Next MBA&#8220; \u00fcber unser Women Leadership Seminar bis hin zu unserem Business Development Accelerator oder unserem eigenen Development Centre warten viele herausfordernde und bereichernde Erfahrungen auf dich.<\/li>\n\n\n\n<li>Rund 45 Stunden Fachausbildung sowie die M\u00f6glichkeit, berufliche Qualifikationen zu erwerben und zu bestehen.<\/li>\n\n\n\n<li>Diverse LinkedIn Learning Angebote durch unsere globale Partnerschaft mit LinkedIn, welche E-Learning auch von unterwegs erm\u00f6glicht.<\/li>\n\n\n\n<li>Zahlreichen Innovationsveranstaltungen, Hackathons und Herausforderungen im Bereich des digitalen Lernens, um zur Weiterentwicklung unseres Unternehmens beizutragen.<\/li>\n<\/ul>\n","protected":false},"excerpt":{"rendered":"<p>Die Forvis Mazars University ist ein echter Ort des Lernens, der Entdeckung und des Meinungsaustauschs mit Kolleginnen und Kollegen aus der ganzen Welt. Die Plattform f\u00f6rdert eine Kultur der Vielfalt, der Innovation, des Coachings und der F\u00fchrung. Die Forvis Mazars University ist CLIP-akkreditiert, einer der f\u00fchrenden Akkreditierungen f\u00fcr Unternehmensuniversit\u00e4ten. \u00dcber die Forvis Mazars University hast [&hellip;]<\/p>\n","protected":false},"author":59,"featured_media":5805,"parent":0,"menu_order":0,"comment_status":"closed","ping_status":"closed","template":"page-standard-content.php","meta":{"_acf_changed":false,"footnotes":""},"class_list":["post-5672","page","type-page","status-publish","has-post-thumbnail","hentry"],"acf":[],"yoast_head":"<!-- This site is optimized with the Yoast SEO plugin v26.8 - https:\/\/yoast.com\/product\/yoast-seo-wordpress\/ -->\n<title>Die Forvis Mazars University | Ein Ort des Lernens, Entdeckung &amp; des Austauschs<\/title>\n<meta name=\"description\" content=\"Die Forvis Mazars University ist CLIP-akkreditiert, einer der f\u00fchrenden Akkreditierungen f\u00fcr Unternehmensuniversit\u00e4ten.\" \/>\n<meta name=\"robots\" content=\"index, follow, max-snippet:-1, max-image-preview:large, max-video-preview:-1\" \/>\n<link rel=\"canonical\" href=\"https:\/\/careers-ch.forvismazars.com\/de\/forvis-mazars-university\/\" \/>\n<meta property=\"og:locale\" content=\"de_DE\" \/>\n<meta property=\"og:type\" content=\"article\" \/>\n<meta property=\"og:title\" content=\"Die Forvis Mazars University | Ein Ort des Lernens, Entdeckung &amp; des Austauschs\" \/>\n<meta property=\"og:description\" content=\"Die Forvis Mazars University ist CLIP-akkreditiert, einer der f\u00fchrenden Akkreditierungen f\u00fcr Unternehmensuniversit\u00e4ten.\" \/>\n<meta property=\"og:url\" content=\"https:\/\/careers-ch.forvismazars.com\/de\/forvis-mazars-university\/\" \/>\n<meta property=\"og:site_name\" content=\"Careers at Forvis Mazars in Switzerland\" \/>\n<meta property=\"article:modified_time\" content=\"2024-06-04T15:02:47+00:00\" \/>\n<meta property=\"og:image\" content=\"https:\/\/careers-ch.forvismazars.com\/wp-content\/uploads\/sites\/34\/2022\/05\/university.jpg\" \/>\n\t<meta property=\"og:image:width\" content=\"1600\" \/>\n\t<meta property=\"og:image:height\" content=\"1067\" \/>\n\t<meta property=\"og:image:type\" content=\"image\/jpeg\" \/>\n<meta name=\"twitter:card\" content=\"summary_large_image\" \/>\n<meta name=\"twitter:label1\" content=\"Gesch\u00e4tzte Lesezeit\" \/>\n\t<meta name=\"twitter:data1\" content=\"1\u00a0Minute\" \/>\n<script type=\"application\/ld+json\" class=\"yoast-schema-graph\">{\"@context\":\"https:\/\/schema.org\",\"@graph\":[{\"@type\":\"WebPage\",\"@id\":\"https:\/\/careers-ch.forvismazars.com\/de\/forvis-mazars-university\/\",\"url\":\"https:\/\/careers-ch.forvismazars.com\/de\/forvis-mazars-university\/\",\"name\":\"Die Forvis Mazars University | Ein Ort des Lernens, Entdeckung & des Austauschs\",\"isPartOf\":{\"@id\":\"https:\/\/careers.mazars.ch\/de\/#website\"},\"primaryImageOfPage\":{\"@id\":\"https:\/\/careers-ch.forvismazars.com\/de\/forvis-mazars-university\/#primaryimage\"},\"image\":{\"@id\":\"https:\/\/careers-ch.forvismazars.com\/de\/forvis-mazars-university\/#primaryimage\"},\"thumbnailUrl\":\"https:\/\/careers-ch.forvismazars.com\/wp-content\/uploads\/sites\/34\/2022\/05\/university.jpg\",\"datePublished\":\"2022-03-17T16:52:41+00:00\",\"dateModified\":\"2024-06-04T15:02:47+00:00\",\"description\":\"Die Forvis Mazars University ist CLIP-akkreditiert, einer der f\u00fchrenden Akkreditierungen f\u00fcr Unternehmensuniversit\u00e4ten.\",\"breadcrumb\":{\"@id\":\"https:\/\/careers-ch.forvismazars.com\/de\/forvis-mazars-university\/#breadcrumb\"},\"inLanguage\":\"de\",\"potentialAction\":[{\"@type\":\"ReadAction\",\"target\":[\"https:\/\/careers-ch.forvismazars.com\/de\/forvis-mazars-university\/\"]}]},{\"@type\":\"ImageObject\",\"inLanguage\":\"de\",\"@id\":\"https:\/\/careers-ch.forvismazars.com\/de\/forvis-mazars-university\/#primaryimage\",\"url\":\"https:\/\/careers-ch.forvismazars.com\/wp-content\/uploads\/sites\/34\/2022\/05\/university.jpg\",\"contentUrl\":\"https:\/\/careers-ch.forvismazars.com\/wp-content\/uploads\/sites\/34\/2022\/05\/university.jpg\",\"width\":1600,\"height\":1067},{\"@type\":\"BreadcrumbList\",\"@id\":\"https:\/\/careers-ch.forvismazars.com\/de\/forvis-mazars-university\/#breadcrumb\",\"itemListElement\":[{\"@type\":\"ListItem\",\"position\":1,\"name\":\"Accueil\",\"item\":\"https:\/\/careers-ch.forvismazars.com\/de\/\"},{\"@type\":\"ListItem\",\"position\":2,\"name\":\"Forvis Mazars University\"}]},{\"@type\":\"WebSite\",\"@id\":\"https:\/\/careers.mazars.ch\/de\/#website\",\"url\":\"https:\/\/careers.mazars.ch\/de\/\",\"name\":\"Careers at Forvis Mazars in Switzerland\",\"description\":\"Careers at Forvis Mazars in Switzerland\",\"potentialAction\":[{\"@type\":\"SearchAction\",\"target\":{\"@type\":\"EntryPoint\",\"urlTemplate\":\"https:\/\/careers.mazars.ch\/de\/?s={search_term_string}\"},\"query-input\":{\"@type\":\"PropertyValueSpecification\",\"valueRequired\":true,\"valueName\":\"search_term_string\"}}],\"inLanguage\":\"de\"}]}<\/script>\n<!-- \/ Yoast SEO plugin. -->","yoast_head_json":{"title":"Die Forvis Mazars University | Ein Ort des Lernens, Entdeckung & des Austauschs","description":"Die Forvis Mazars University ist CLIP-akkreditiert, einer der f\u00fchrenden Akkreditierungen f\u00fcr Unternehmensuniversit\u00e4ten.","robots":{"index":"index","follow":"follow","max-snippet":"max-snippet:-1","max-image-preview":"max-image-preview:large","max-video-preview":"max-video-preview:-1"},"canonical":"https:\/\/careers-ch.forvismazars.com\/de\/forvis-mazars-university\/","og_locale":"de_DE","og_type":"article","og_title":"Die Forvis Mazars University | Ein Ort des Lernens, Entdeckung & des Austauschs","og_description":"Die Forvis Mazars University ist CLIP-akkreditiert, einer der f\u00fchrenden Akkreditierungen f\u00fcr Unternehmensuniversit\u00e4ten.","og_url":"https:\/\/careers-ch.forvismazars.com\/de\/forvis-mazars-university\/","og_site_name":"Careers at Forvis Mazars in Switzerland","article_modified_time":"2024-06-04T15:02:47+00:00","og_image":[{"width":1600,"height":1067,"url":"https:\/\/careers-ch.forvismazars.com\/wp-content\/uploads\/sites\/34\/2022\/05\/university.jpg","type":"image\/jpeg"}],"twitter_card":"summary_large_image","twitter_misc":{"Gesch\u00e4tzte Lesezeit":"1\u00a0Minute"},"schema":{"@context":"https:\/\/schema.org","@graph":[{"@type":"WebPage","@id":"https:\/\/careers-ch.forvismazars.com\/de\/forvis-mazars-university\/","url":"https:\/\/careers-ch.forvismazars.com\/de\/forvis-mazars-university\/","name":"Die Forvis Mazars University | Ein Ort des Lernens, Entdeckung & des Austauschs","isPartOf":{"@id":"https:\/\/careers.mazars.ch\/de\/#website"},"primaryImageOfPage":{"@id":"https:\/\/careers-ch.forvismazars.com\/de\/forvis-mazars-university\/#primaryimage"},"image":{"@id":"https:\/\/careers-ch.forvismazars.com\/de\/forvis-mazars-university\/#primaryimage"},"thumbnailUrl":"https:\/\/careers-ch.forvismazars.com\/wp-content\/uploads\/sites\/34\/2022\/05\/university.jpg","datePublished":"2022-03-17T16:52:41+00:00","dateModified":"2024-06-04T15:02:47+00:00","description":"Die Forvis Mazars University ist CLIP-akkreditiert, einer der f\u00fchrenden Akkreditierungen f\u00fcr Unternehmensuniversit\u00e4ten.","breadcrumb":{"@id":"https:\/\/careers-ch.forvismazars.com\/de\/forvis-mazars-university\/#breadcrumb"},"inLanguage":"de","potentialAction":[{"@type":"ReadAction","target":["https:\/\/careers-ch.forvismazars.com\/de\/forvis-mazars-university\/"]}]},{"@type":"ImageObject","inLanguage":"de","@id":"https:\/\/careers-ch.forvismazars.com\/de\/forvis-mazars-university\/#primaryimage","url":"https:\/\/careers-ch.forvismazars.com\/wp-content\/uploads\/sites\/34\/2022\/05\/university.jpg","contentUrl":"https:\/\/careers-ch.forvismazars.com\/wp-content\/uploads\/sites\/34\/2022\/05\/university.jpg","width":1600,"height":1067},{"@type":"BreadcrumbList","@id":"https:\/\/careers-ch.forvismazars.com\/de\/forvis-mazars-university\/#breadcrumb","itemListElement":[{"@type":"ListItem","position":1,"name":"Accueil","item":"https:\/\/careers-ch.forvismazars.com\/de\/"},{"@type":"ListItem","position":2,"name":"Forvis Mazars University"}]},{"@type":"WebSite","@id":"https:\/\/careers.mazars.ch\/de\/#website","url":"https:\/\/careers.mazars.ch\/de\/","name":"Careers at Forvis Mazars in Switzerland","description":"Careers at Forvis Mazars in Switzerland","potentialAction":[{"@type":"SearchAction","target":{"@type":"EntryPoint","urlTemplate":"https:\/\/careers.mazars.ch\/de\/?s={search_term_string}"},"query-input":{"@type":"PropertyValueSpecification","valueRequired":true,"valueName":"search_term_string"}}],"inLanguage":"de"}]}},"_links":{"self":[{"href":"https:\/\/careers-ch.forvismazars.com\/de\/wp-json\/wp\/v2\/pages\/5672","targetHints":{"allow":["GET"]}}],"collection":[{"href":"https:\/\/careers-ch.forvismazars.com\/de\/wp-json\/wp\/v2\/pages"}],"about":[{"href":"https:\/\/careers-ch.forvismazars.com\/de\/wp-json\/wp\/v2\/types\/page"}],"author":[{"embeddable":true,"href":"https:\/\/careers-ch.forvismazars.com\/de\/wp-json\/wp\/v2\/users\/59"}],"replies":[{"embeddable":true,"href":"https:\/\/careers-ch.forvismazars.com\/de\/wp-json\/wp\/v2\/comments?post=5672"}],"version-history":[{"count":3,"href":"https:\/\/careers-ch.forvismazars.com\/de\/wp-json\/wp\/v2\/pages\/5672\/revisions"}],"predecessor-version":[{"id":892269,"href":"https:\/\/careers-ch.forvismazars.com\/de\/wp-json\/wp\/v2\/pages\/5672\/revisions\/892269"}],"wp:featuredmedia":[{"embeddable":true,"href":"https:\/\/careers-ch.forvismazars.com\/de\/wp-json\/wp\/v2\/media\/5805"}],"wp:attachment":[{"href":"https:\/\/careers-ch.forvismazars.com\/de\/wp-json\/wp\/v2\/media?parent=5672"}],"curies":[{"name":"wp","href":"https:\/\/api.w.org\/{rel}","templated":true}]}}