{"id":5730,"date":"2022-03-17T16:52:56","date_gmt":"2022-03-17T16:52:56","guid":{"rendered":"https:\/\/careers.mazars.ch\/life-at-mazars\/"},"modified":"2026-03-23T20:21:19","modified_gmt":"2026-03-23T20:21:19","slug":"life-at-forvis-mazars","status":"publish","type":"page","link":"https:\/\/careers-ch.forvismazars.com\/de\/life-at-forvis-mazars\/","title":{"rendered":"Life at Forvis Mazars"},"content":{"rendered":"\n<p>W\u00e4hrend deiner Laufbahn ist es wahrscheinlich nicht immer einfach, die richtige Entscheidung f\u00fcr deine pers\u00f6nliche Karriere zu treffen. Es ist ein Mix aus Gl\u00fcck, Erfahrung und dem Wissen, wohin die Reise gehen soll, aber auch immer ein Schritt ins Ungewisse. Wer w\u00e4re besser geeignet als echte Mitarbeitende aus der ganzen Welt, um dir von ihren ganz pers\u00f6nlichen Erfahrungen zu berichten? Wirf einen Blick auf unsere neuesten Folgen von #ForvisMazarsLivedExperiences &#8211; eine Serie, die dir zeigen soll, was geschieht, wenn du die Chance ergreifst und dich f\u00fcr Forvis Mazars entscheidest.<\/p>\n","protected":false},"excerpt":{"rendered":"<p>W\u00e4hrend deiner Laufbahn ist es wahrscheinlich nicht immer einfach, die richtige Entscheidung f\u00fcr deine pers\u00f6nliche Karriere zu treffen. Es ist ein Mix aus Gl\u00fcck, Erfahrung und dem Wissen, wohin die Reise gehen soll, aber auch immer ein Schritt ins Ungewisse. Wer w\u00e4re besser geeignet als echte Mitarbeitende aus der ganzen Welt, um dir von ihren [&hellip;]<\/p>\n","protected":false},"author":59,"featured_media":1831091,"parent":0,"menu_order":0,"comment_status":"closed","ping_status":"closed","template":"page-standard-content.php","meta":{"_acf_changed":false,"footnotes":""},"class_list":["post-5730","page","type-page","status-publish","has-post-thumbnail","hentry"],"acf":[],"yoast_head":"<!-- This site is optimized with the Yoast SEO plugin v26.8 - https:\/\/yoast.com\/product\/yoast-seo-wordpress\/ -->\n<title>M\u00f6chten Sie mehr \u00fcber die Erfahrungen von Menschen in Mitarbeitende erfahren?<\/title>\n<meta name=\"description\" content=\"#lifeatforvismazars Wer w\u00e4re besser geeignet als echte Mitarbeitende aus der ganzen Welt, um dir von ihren ganz pers\u00f6nlichen Erfahrungen zu berichten?\" \/>\n<meta name=\"robots\" content=\"index, follow, max-snippet:-1, max-image-preview:large, max-video-preview:-1\" \/>\n<link rel=\"canonical\" href=\"https:\/\/careers-ch.forvismazars.com\/de\/life-at-forvis-mazars\/\" \/>\n<meta property=\"og:locale\" content=\"de_DE\" \/>\n<meta property=\"og:type\" content=\"article\" \/>\n<meta property=\"og:title\" content=\"M\u00f6chten Sie mehr \u00fcber die Erfahrungen von Menschen in Mitarbeitende erfahren?\" \/>\n<meta property=\"og:description\" content=\"#lifeatforvismazars Wer w\u00e4re besser geeignet als echte Mitarbeitende aus der ganzen Welt, um dir von ihren ganz pers\u00f6nlichen Erfahrungen zu berichten?\" \/>\n<meta property=\"og:url\" content=\"https:\/\/careers-ch.forvismazars.com\/de\/life-at-forvis-mazars\/\" \/>\n<meta property=\"og:site_name\" content=\"Careers at Forvis Mazars in Switzerland\" \/>\n<meta property=\"article:modified_time\" content=\"2026-03-23T20:21:19+00:00\" \/>\n<meta property=\"og:image\" content=\"https:\/\/careers-ch.forvismazars.com\/wp-content\/uploads\/sites\/34\/2026\/01\/GettyImages-1091918696.jpg\" \/>\n\t<meta property=\"og:image:width\" content=\"2121\" \/>\n\t<meta property=\"og:image:height\" content=\"1414\" \/>\n\t<meta property=\"og:image:type\" content=\"image\/jpeg\" \/>\n<meta name=\"twitter:card\" content=\"summary_large_image\" \/>\n<meta name=\"twitter:label1\" content=\"Gesch\u00e4tzte Lesezeit\" \/>\n\t<meta name=\"twitter:data1\" content=\"1\u00a0Minute\" \/>\n<script type=\"application\/ld+json\" class=\"yoast-schema-graph\">{\"@context\":\"https:\/\/schema.org\",\"@graph\":[{\"@type\":\"WebPage\",\"@id\":\"https:\/\/careers-ch.forvismazars.com\/de\/life-at-forvis-mazars\/\",\"url\":\"https:\/\/careers-ch.forvismazars.com\/de\/life-at-forvis-mazars\/\",\"name\":\"M\u00f6chten Sie mehr \u00fcber die Erfahrungen von Menschen in Mitarbeitende erfahren?\",\"isPartOf\":{\"@id\":\"https:\/\/careers.mazars.ch\/de\/#website\"},\"primaryImageOfPage\":{\"@id\":\"https:\/\/careers-ch.forvismazars.com\/de\/life-at-forvis-mazars\/#primaryimage\"},\"image\":{\"@id\":\"https:\/\/careers-ch.forvismazars.com\/de\/life-at-forvis-mazars\/#primaryimage\"},\"thumbnailUrl\":\"https:\/\/careers-ch.forvismazars.com\/wp-content\/uploads\/sites\/34\/2026\/01\/GettyImages-1091918696.jpg\",\"datePublished\":\"2022-03-17T16:52:56+00:00\",\"dateModified\":\"2026-03-23T20:21:19+00:00\",\"description\":\"#lifeatforvismazars Wer w\u00e4re besser geeignet als echte Mitarbeitende aus der ganzen Welt, um dir von ihren ganz pers\u00f6nlichen Erfahrungen zu berichten?\",\"breadcrumb\":{\"@id\":\"https:\/\/careers-ch.forvismazars.com\/de\/life-at-forvis-mazars\/#breadcrumb\"},\"inLanguage\":\"de\",\"potentialAction\":[{\"@type\":\"ReadAction\",\"target\":[\"https:\/\/careers-ch.forvismazars.com\/de\/life-at-forvis-mazars\/\"]}]},{\"@type\":\"ImageObject\",\"inLanguage\":\"de\",\"@id\":\"https:\/\/careers-ch.forvismazars.com\/de\/life-at-forvis-mazars\/#primaryimage\",\"url\":\"https:\/\/careers-ch.forvismazars.com\/wp-content\/uploads\/sites\/34\/2026\/01\/GettyImages-1091918696.jpg\",\"contentUrl\":\"https:\/\/careers-ch.forvismazars.com\/wp-content\/uploads\/sites\/34\/2026\/01\/GettyImages-1091918696.jpg\",\"width\":2121,\"height\":1414},{\"@type\":\"BreadcrumbList\",\"@id\":\"https:\/\/careers-ch.forvismazars.com\/de\/life-at-forvis-mazars\/#breadcrumb\",\"itemListElement\":[{\"@type\":\"ListItem\",\"position\":1,\"name\":\"Accueil\",\"item\":\"https:\/\/careers-ch.forvismazars.com\/de\/\"},{\"@type\":\"ListItem\",\"position\":2,\"name\":\"Life at Forvis Mazars\"}]},{\"@type\":\"WebSite\",\"@id\":\"https:\/\/careers.mazars.ch\/de\/#website\",\"url\":\"https:\/\/careers.mazars.ch\/de\/\",\"name\":\"Careers at Forvis Mazars in Switzerland\",\"description\":\"Careers at Forvis Mazars in Switzerland\",\"potentialAction\":[{\"@type\":\"SearchAction\",\"target\":{\"@type\":\"EntryPoint\",\"urlTemplate\":\"https:\/\/careers.mazars.ch\/de\/?s={search_term_string}\"},\"query-input\":{\"@type\":\"PropertyValueSpecification\",\"valueRequired\":true,\"valueName\":\"search_term_string\"}}],\"inLanguage\":\"de\"}]}<\/script>\n<!-- \/ Yoast SEO plugin. -->","yoast_head_json":{"title":"M\u00f6chten Sie mehr \u00fcber die Erfahrungen von Menschen in Mitarbeitende erfahren?","description":"#lifeatforvismazars Wer w\u00e4re besser geeignet als echte Mitarbeitende aus der ganzen Welt, um dir von ihren ganz pers\u00f6nlichen Erfahrungen zu berichten?","robots":{"index":"index","follow":"follow","max-snippet":"max-snippet:-1","max-image-preview":"max-image-preview:large","max-video-preview":"max-video-preview:-1"},"canonical":"https:\/\/careers-ch.forvismazars.com\/de\/life-at-forvis-mazars\/","og_locale":"de_DE","og_type":"article","og_title":"M\u00f6chten Sie mehr \u00fcber die Erfahrungen von Menschen in Mitarbeitende erfahren?","og_description":"#lifeatforvismazars Wer w\u00e4re besser geeignet als echte Mitarbeitende aus der ganzen Welt, um dir von ihren ganz pers\u00f6nlichen Erfahrungen zu berichten?","og_url":"https:\/\/careers-ch.forvismazars.com\/de\/life-at-forvis-mazars\/","og_site_name":"Careers at Forvis Mazars in Switzerland","article_modified_time":"2026-03-23T20:21:19+00:00","og_image":[{"width":2121,"height":1414,"url":"https:\/\/careers-ch.forvismazars.com\/wp-content\/uploads\/sites\/34\/2026\/01\/GettyImages-1091918696.jpg","type":"image\/jpeg"}],"twitter_card":"summary_large_image","twitter_misc":{"Gesch\u00e4tzte Lesezeit":"1\u00a0Minute"},"schema":{"@context":"https:\/\/schema.org","@graph":[{"@type":"WebPage","@id":"https:\/\/careers-ch.forvismazars.com\/de\/life-at-forvis-mazars\/","url":"https:\/\/careers-ch.forvismazars.com\/de\/life-at-forvis-mazars\/","name":"M\u00f6chten Sie mehr \u00fcber die Erfahrungen von Menschen in Mitarbeitende erfahren?","isPartOf":{"@id":"https:\/\/careers.mazars.ch\/de\/#website"},"primaryImageOfPage":{"@id":"https:\/\/careers-ch.forvismazars.com\/de\/life-at-forvis-mazars\/#primaryimage"},"image":{"@id":"https:\/\/careers-ch.forvismazars.com\/de\/life-at-forvis-mazars\/#primaryimage"},"thumbnailUrl":"https:\/\/careers-ch.forvismazars.com\/wp-content\/uploads\/sites\/34\/2026\/01\/GettyImages-1091918696.jpg","datePublished":"2022-03-17T16:52:56+00:00","dateModified":"2026-03-23T20:21:19+00:00","description":"#lifeatforvismazars Wer w\u00e4re besser geeignet als echte Mitarbeitende aus der ganzen Welt, um dir von ihren ganz pers\u00f6nlichen Erfahrungen zu berichten?","breadcrumb":{"@id":"https:\/\/careers-ch.forvismazars.com\/de\/life-at-forvis-mazars\/#breadcrumb"},"inLanguage":"de","potentialAction":[{"@type":"ReadAction","target":["https:\/\/careers-ch.forvismazars.com\/de\/life-at-forvis-mazars\/"]}]},{"@type":"ImageObject","inLanguage":"de","@id":"https:\/\/careers-ch.forvismazars.com\/de\/life-at-forvis-mazars\/#primaryimage","url":"https:\/\/careers-ch.forvismazars.com\/wp-content\/uploads\/sites\/34\/2026\/01\/GettyImages-1091918696.jpg","contentUrl":"https:\/\/careers-ch.forvismazars.com\/wp-content\/uploads\/sites\/34\/2026\/01\/GettyImages-1091918696.jpg","width":2121,"height":1414},{"@type":"BreadcrumbList","@id":"https:\/\/careers-ch.forvismazars.com\/de\/life-at-forvis-mazars\/#breadcrumb","itemListElement":[{"@type":"ListItem","position":1,"name":"Accueil","item":"https:\/\/careers-ch.forvismazars.com\/de\/"},{"@type":"ListItem","position":2,"name":"Life at Forvis Mazars"}]},{"@type":"WebSite","@id":"https:\/\/careers.mazars.ch\/de\/#website","url":"https:\/\/careers.mazars.ch\/de\/","name":"Careers at Forvis Mazars in Switzerland","description":"Careers at Forvis Mazars in Switzerland","potentialAction":[{"@type":"SearchAction","target":{"@type":"EntryPoint","urlTemplate":"https:\/\/careers.mazars.ch\/de\/?s={search_term_string}"},"query-input":{"@type":"PropertyValueSpecification","valueRequired":true,"valueName":"search_term_string"}}],"inLanguage":"de"}]}},"_links":{"self":[{"href":"https:\/\/careers-ch.forvismazars.com\/de\/wp-json\/wp\/v2\/pages\/5730","targetHints":{"allow":["GET"]}}],"collection":[{"href":"https:\/\/careers-ch.forvismazars.com\/de\/wp-json\/wp\/v2\/pages"}],"about":[{"href":"https:\/\/careers-ch.forvismazars.com\/de\/wp-json\/wp\/v2\/types\/page"}],"author":[{"embeddable":true,"href":"https:\/\/careers-ch.forvismazars.com\/de\/wp-json\/wp\/v2\/users\/59"}],"replies":[{"embeddable":true,"href":"https:\/\/careers-ch.forvismazars.com\/de\/wp-json\/wp\/v2\/comments?post=5730"}],"version-history":[{"count":15,"href":"https:\/\/careers-ch.forvismazars.com\/de\/wp-json\/wp\/v2\/pages\/5730\/revisions"}],"predecessor-version":[{"id":1942025,"href":"https:\/\/careers-ch.forvismazars.com\/de\/wp-json\/wp\/v2\/pages\/5730\/revisions\/1942025"}],"wp:featuredmedia":[{"embeddable":true,"href":"https:\/\/careers-ch.forvismazars.com\/de\/wp-json\/wp\/v2\/media\/1831091"}],"wp:attachment":[{"href":"https:\/\/careers-ch.forvismazars.com\/de\/wp-json\/wp\/v2\/media?parent=5730"}],"curies":[{"name":"wp","href":"https:\/\/api.w.org\/{rel}","templated":true}]}}