{"id":5839,"date":"2022-05-13T09:24:13","date_gmt":"2022-05-13T09:24:13","guid":{"rendered":"https:\/\/careers.mazars.ch\/politique-de-confidentialite\/"},"modified":"2024-06-06T08:45:28","modified_gmt":"2024-06-06T08:45:28","slug":"datenschutz","status":"publish","type":"page","link":"https:\/\/careers-ch.forvismazars.com\/de\/datenschutz\/","title":{"rendered":"Datenschutz"},"content":{"rendered":"\n<p>Sie besuchen gerade die Karriere Website von Forvis Mazars &#8211; Schweiz. Wenn Sie mehr \u00fcber die Forvis Mazars Group wissen m\u00f6chten, besuchen Sie bitte <a href=\"http:\/\/forvismazars.com\" target=\"_blank\" rel=\"noreferrer noopener\">forvismazars<\/a><a href=\"http:\/\/forvismazars.com\">.com<\/a>.<\/p>\n\n\n\n<h3 class=\"wp-block-heading\">Anmerkung zum Urheberrecht<\/h3>\n\n\n\n<p>Das Urheberrecht aller Inhalte dieser Website liegt bei der Forvis Mazars Group und Forvis Mazars in der Schweiz.<\/p>\n\n\n\n<h3 class=\"wp-block-heading\">Allgemeine Nutzungsbedingungen<\/h3>\n\n\n\n<p>Dieser Service ist nur f\u00fcr den pers\u00f6nlichen Gebrauch bestimmt. Es ist strengstens untersagt, den Inhalt insgesamt oder teilweise in welcher Form auch immer in Umlauf zu bringen oder zu reproduzieren. Jede Nichteinhaltung dieser Vorschrift gilt als Verletzung des Urheberrechts. Gegen die verantwortliche nat\u00fcrliche oder juristische Person k\u00f6nnen zivil- oder strafrechtliche Verfahren eingeleitet werden.<\/p>\n\n\n\n<p>Die Informationen auf dieser Website sind nicht Vertragsgegenstand und k\u00f6nnen ohne Vorank\u00fcndigung ver\u00e4ndert werden. Die auf dieser Website erw\u00e4hnten Leistungen k\u00f6nnen anders als angegeben sein oder au\u00dferhalb der Schweiz nicht zur Verf\u00fcgung stehen. Diese Website darf unter keinen Umst\u00e4nden als betriebswirtschaftliche Beratung oder Unternehmensberatung betrachtet werden.<\/p>\n\n\n\n<p>Forvis Mazars ist f\u00fcr keinerlei Probleme verantwortlich, die sich daraus ergeben, dass diese Website zurate gezogen oder genutzt wurde. Hypertext-Links erm\u00f6glichen den Zugang zu Websites Dritter, die sich der Kontrolle von Forvis Mazars entziehen. Forvis Mazars \u00fcbernimmt keine Verantwortung f\u00fcr die Inhalte dieser Websites.<\/p>\n\n\n\n<h3 class=\"wp-block-heading\">Geheimhaltung und Datenschutz<\/h3>\n\n\n\n<p>Gem\u00e4ss dem Bundesgesetz \u00fcber den Datenschutz (Datenschutzgesetz, DSG) vom 25. September 2020, haben Sie das Recht auf Zugang, Berichtigung und L\u00f6schung der Sie betreffenden Daten. Sie k\u00f6nnen dieses Recht aus\u00fcben, indem Sie einen Brief an die untenstehende Adresse senden:<\/p>\n\n\n\n<p><strong>Datenverwaltung<\/strong><br>Forvis Mazars AG<br>Chemin de Blandonnet 10<br>CH- 1214 Vernier &#8211; Gen\u00e8ve<br>Tel. : +41 22 708 10 80<\/p>\n\n\n\n<p><strong>Redakteur<\/strong><br>Chefredakteur dieser Website ist Jos\u00e9 Caneda, Managing Partner von Forvis Mazars in der Schweiz.<\/p>\n","protected":false},"excerpt":{"rendered":"<p>Sie besuchen gerade die Karriere Website von Forvis Mazars &#8211; Schweiz. Wenn Sie mehr \u00fcber die Forvis Mazars Group wissen m\u00f6chten, besuchen Sie bitte forvismazars.com. Anmerkung zum Urheberrecht Das Urheberrecht aller Inhalte dieser Website liegt bei der Forvis Mazars Group und Forvis Mazars in der Schweiz. Allgemeine Nutzungsbedingungen Dieser Service ist nur f\u00fcr den pers\u00f6nlichen [&hellip;]<\/p>\n","protected":false},"author":90,"featured_media":0,"parent":0,"menu_order":0,"comment_status":"closed","ping_status":"closed","template":"page-standard-content.php","meta":{"_acf_changed":false,"footnotes":""},"class_list":["post-5839","page","type-page","status-publish","hentry"],"acf":[],"yoast_head":"<!-- This site is optimized with the Yoast SEO plugin v26.8 - https:\/\/yoast.com\/product\/yoast-seo-wordpress\/ -->\n<title>Datenschutz - Careers at Forvis Mazars in Switzerland<\/title>\n<meta name=\"robots\" content=\"index, follow, max-snippet:-1, max-image-preview:large, max-video-preview:-1\" \/>\n<link rel=\"canonical\" href=\"https:\/\/careers-ch.forvismazars.com\/de\/datenschutz\/\" \/>\n<meta property=\"og:locale\" content=\"de_DE\" \/>\n<meta property=\"og:type\" content=\"article\" \/>\n<meta property=\"og:title\" content=\"Datenschutz - Careers at Forvis Mazars in Switzerland\" \/>\n<meta property=\"og:description\" content=\"Sie besuchen gerade die Karriere Website von Forvis Mazars &#8211; Schweiz. Wenn Sie mehr \u00fcber die Forvis Mazars Group wissen m\u00f6chten, besuchen Sie bitte forvismazars.com. Anmerkung zum Urheberrecht Das Urheberrecht aller Inhalte dieser Website liegt bei der Forvis Mazars Group und Forvis Mazars in der Schweiz. Allgemeine Nutzungsbedingungen Dieser Service ist nur f\u00fcr den pers\u00f6nlichen [&hellip;]\" \/>\n<meta property=\"og:url\" content=\"https:\/\/careers-ch.forvismazars.com\/de\/datenschutz\/\" \/>\n<meta property=\"og:site_name\" content=\"Careers at Forvis Mazars in Switzerland\" \/>\n<meta property=\"article:modified_time\" content=\"2024-06-06T08:45:28+00:00\" \/>\n<meta name=\"twitter:card\" content=\"summary_large_image\" \/>\n<meta name=\"twitter:label1\" content=\"Gesch\u00e4tzte Lesezeit\" \/>\n\t<meta name=\"twitter:data1\" content=\"2\u00a0Minuten\" \/>\n<script type=\"application\/ld+json\" class=\"yoast-schema-graph\">{\"@context\":\"https:\/\/schema.org\",\"@graph\":[{\"@type\":\"WebPage\",\"@id\":\"https:\/\/careers-ch.forvismazars.com\/de\/datenschutz\/\",\"url\":\"https:\/\/careers-ch.forvismazars.com\/de\/datenschutz\/\",\"name\":\"Datenschutz - Careers at Forvis Mazars in Switzerland\",\"isPartOf\":{\"@id\":\"https:\/\/careers.mazars.ch\/de\/#website\"},\"datePublished\":\"2022-05-13T09:24:13+00:00\",\"dateModified\":\"2024-06-06T08:45:28+00:00\",\"breadcrumb\":{\"@id\":\"https:\/\/careers-ch.forvismazars.com\/de\/datenschutz\/#breadcrumb\"},\"inLanguage\":\"de\",\"potentialAction\":[{\"@type\":\"ReadAction\",\"target\":[\"https:\/\/careers-ch.forvismazars.com\/de\/datenschutz\/\"]}]},{\"@type\":\"BreadcrumbList\",\"@id\":\"https:\/\/careers-ch.forvismazars.com\/de\/datenschutz\/#breadcrumb\",\"itemListElement\":[{\"@type\":\"ListItem\",\"position\":1,\"name\":\"Accueil\",\"item\":\"https:\/\/careers-ch.forvismazars.com\/de\/\"},{\"@type\":\"ListItem\",\"position\":2,\"name\":\"Datenschutz\"}]},{\"@type\":\"WebSite\",\"@id\":\"https:\/\/careers.mazars.ch\/de\/#website\",\"url\":\"https:\/\/careers.mazars.ch\/de\/\",\"name\":\"Careers at Forvis Mazars in Switzerland\",\"description\":\"Careers at Forvis Mazars in Switzerland\",\"potentialAction\":[{\"@type\":\"SearchAction\",\"target\":{\"@type\":\"EntryPoint\",\"urlTemplate\":\"https:\/\/careers.mazars.ch\/de\/?s={search_term_string}\"},\"query-input\":{\"@type\":\"PropertyValueSpecification\",\"valueRequired\":true,\"valueName\":\"search_term_string\"}}],\"inLanguage\":\"de\"}]}<\/script>\n<!-- \/ Yoast SEO plugin. -->","yoast_head_json":{"title":"Datenschutz - Careers at Forvis Mazars in Switzerland","robots":{"index":"index","follow":"follow","max-snippet":"max-snippet:-1","max-image-preview":"max-image-preview:large","max-video-preview":"max-video-preview:-1"},"canonical":"https:\/\/careers-ch.forvismazars.com\/de\/datenschutz\/","og_locale":"de_DE","og_type":"article","og_title":"Datenschutz - Careers at Forvis Mazars in Switzerland","og_description":"Sie besuchen gerade die Karriere Website von Forvis Mazars &#8211; Schweiz. Wenn Sie mehr \u00fcber die Forvis Mazars Group wissen m\u00f6chten, besuchen Sie bitte forvismazars.com. Anmerkung zum Urheberrecht Das Urheberrecht aller Inhalte dieser Website liegt bei der Forvis Mazars Group und Forvis Mazars in der Schweiz. Allgemeine Nutzungsbedingungen Dieser Service ist nur f\u00fcr den pers\u00f6nlichen [&hellip;]","og_url":"https:\/\/careers-ch.forvismazars.com\/de\/datenschutz\/","og_site_name":"Careers at Forvis Mazars in Switzerland","article_modified_time":"2024-06-06T08:45:28+00:00","twitter_card":"summary_large_image","twitter_misc":{"Gesch\u00e4tzte Lesezeit":"2\u00a0Minuten"},"schema":{"@context":"https:\/\/schema.org","@graph":[{"@type":"WebPage","@id":"https:\/\/careers-ch.forvismazars.com\/de\/datenschutz\/","url":"https:\/\/careers-ch.forvismazars.com\/de\/datenschutz\/","name":"Datenschutz - Careers at Forvis Mazars in Switzerland","isPartOf":{"@id":"https:\/\/careers.mazars.ch\/de\/#website"},"datePublished":"2022-05-13T09:24:13+00:00","dateModified":"2024-06-06T08:45:28+00:00","breadcrumb":{"@id":"https:\/\/careers-ch.forvismazars.com\/de\/datenschutz\/#breadcrumb"},"inLanguage":"de","potentialAction":[{"@type":"ReadAction","target":["https:\/\/careers-ch.forvismazars.com\/de\/datenschutz\/"]}]},{"@type":"BreadcrumbList","@id":"https:\/\/careers-ch.forvismazars.com\/de\/datenschutz\/#breadcrumb","itemListElement":[{"@type":"ListItem","position":1,"name":"Accueil","item":"https:\/\/careers-ch.forvismazars.com\/de\/"},{"@type":"ListItem","position":2,"name":"Datenschutz"}]},{"@type":"WebSite","@id":"https:\/\/careers.mazars.ch\/de\/#website","url":"https:\/\/careers.mazars.ch\/de\/","name":"Careers at Forvis Mazars in Switzerland","description":"Careers at Forvis Mazars in Switzerland","potentialAction":[{"@type":"SearchAction","target":{"@type":"EntryPoint","urlTemplate":"https:\/\/careers.mazars.ch\/de\/?s={search_term_string}"},"query-input":{"@type":"PropertyValueSpecification","valueRequired":true,"valueName":"search_term_string"}}],"inLanguage":"de"}]}},"_links":{"self":[{"href":"https:\/\/careers-ch.forvismazars.com\/de\/wp-json\/wp\/v2\/pages\/5839","targetHints":{"allow":["GET"]}}],"collection":[{"href":"https:\/\/careers-ch.forvismazars.com\/de\/wp-json\/wp\/v2\/pages"}],"about":[{"href":"https:\/\/careers-ch.forvismazars.com\/de\/wp-json\/wp\/v2\/types\/page"}],"author":[{"embeddable":true,"href":"https:\/\/careers-ch.forvismazars.com\/de\/wp-json\/wp\/v2\/users\/90"}],"replies":[{"embeddable":true,"href":"https:\/\/careers-ch.forvismazars.com\/de\/wp-json\/wp\/v2\/comments?post=5839"}],"version-history":[{"count":4,"href":"https:\/\/careers-ch.forvismazars.com\/de\/wp-json\/wp\/v2\/pages\/5839\/revisions"}],"predecessor-version":[{"id":895567,"href":"https:\/\/careers-ch.forvismazars.com\/de\/wp-json\/wp\/v2\/pages\/5839\/revisions\/895567"}],"wp:attachment":[{"href":"https:\/\/careers-ch.forvismazars.com\/de\/wp-json\/wp\/v2\/media?parent=5839"}],"curies":[{"name":"wp","href":"https:\/\/api.w.org\/{rel}","templated":true}]}}